{"id":7348,"date":"2019-05-15T16:12:15","date_gmt":"2019-05-15T16:12:15","guid":{"rendered":"https:\/\/www.bmbcap.es\/politica-de-cookies\/"},"modified":"2019-05-15T16:12:15","modified_gmt":"2019-05-15T16:12:15","slug":"politica-de-cookies","status":"publish","type":"page","link":"https:\/\/www.bmbcap.es\/en\/politica-de-cookies\/","title":{"rendered":"Pol\u00edtica de cookies"},"content":{"rendered":"<p><strong>POL\u00cdTICA DE COOKIES<\/strong><\/p>\n<p>Una cookie es un fichero que se descarga en su dispositivo inform\u00e1tico al acceder a determinadas p\u00e1ginas Web.<br \/>\nLas cookies permiten a una p\u00e1gina web, entre otras cosas, almacenar y recuperar informaci\u00f3n sobre los h\u00e1bitos de navegaci\u00f3n de un Usuario o de su equipo y, dependiendo de la informaci\u00f3n que contengan y de la forma en que se utilice su equipo, pueden servir para reconocerlo.<\/p>\n<p>No obstante, estos medios s\u00f3lo obtienen informaci\u00f3n relacionada con el n\u00famero de p\u00e1ginas visitas, la ciudad a la que est\u00e1 asignada la direcci\u00f3n IP desde la que se accede, el n\u00famero de nuevos Usuarios, la frecuencia y reincidencia de las visitas, el tiempo de visita, el navegador o el operador o tipo de terminal desde el que se realiza la visita. En ning\u00fan caso se obtienen datos sobre el nombre, apellidos o direcci\u00f3n postal desde la que el Usuario se ha conectado.<\/p>\n<p><strong><u>Las cookies utilizadas en esta p\u00e1gina Web son las siguientes:<\/u> <\/strong><br \/>\n-Cookies anal\u00edticas: Son aqu\u00e9llas que, bien tratadas por nosotros o por terceros, nos permiten cuantificar el n\u00famero de usuarios y examinar su navegaci\u00f3n, pudiendo as\u00ed realizar la medici\u00f3n y an\u00e1lisis estad\u00edstico de la utilizaci\u00f3n que hacen los usuarios.<br \/>\nPara ello se analiza su navegaci\u00f3n en nuestra p\u00e1gina web con el fin de mejorar los contenidos de la misma y prestar un mejor servicio a trav\u00e9s de ella. La aplicaci\u00f3n que utilizamos para ello es Google Analitycs, que pertenece a Google. Adem\u00e1s, Google puede utilizar los datos obtenidos para mejorar sus propios servicios y para ofrecer servicios a otras empresas.<\/p>\n<p>Puede hacer clic en el siguiente link para obtener m\u00e1s informaci\u00f3n:<u><a href=\"https:\/\/developers.google.com\/analytics\/devguides\/collection\/analyticsjs\/cookie-usage\">https:\/\/developers.google.com\/analytics\/devguides\/collection\/analyticsjs\/cookie-usage<\/a><\/u>.<\/p>\n<p>-Cookies publicitarias de terceros: Son aqu\u00e9llas que permiten la gesti\u00f3n, de la forma m\u00e1s eficaz posible, de los espacios publicitarios que, en su caso, el editor haya incluido en nuestra p\u00e1gina web, aplicaci\u00f3n o plataforma desde la que presta el servicio solicitado, en base a criterios como el contenido editado o la frecuencia en la que se muestran los anuncios. En concreto utilizamos cookies de Double Click perteneciente a Google. Para m\u00e1s informaci\u00f3n: <a href=\"http:\/\/www.google.es\/policies\/technologies\/ads\/\">http:\/\/www.google.es\/policies\/technologies\/ads\/<\/a><\/p>\n<p>&nbsp;<\/p>\n<p><strong><u>Las cookies pueden autorizarse, bloquearse o eliminarse en su equipo<\/u><\/strong> mediante la configuraci\u00f3n de las opciones de su navegador.<\/p>\n<p>Puede encontrar informaci\u00f3n sobre c\u00f3mo hacerlo, en relaci\u00f3n con los navegadores m\u00e1s comunes, en los links que se incluyen a continuaci\u00f3n:<br \/>\n<u><a href=\"http:\/\/windows.microsoft.com\/es-es\/windows7\/how-to-manage-cookies-in-internet-explorer-9\">Explorer<\/a><\/u>,\u00a0<u><a href=\"https:\/\/support.mozilla.org\/es\/kb\/habilitar-y-deshabilitar-cookies-que-los-sitios-we\">Firefox<\/a><\/u>,\u00a0<u><a href=\"http:\/\/support.google.com\/chrome\/bin\/answer.py?hl=es&amp;answer=95647\">Chrome<\/a><\/u>,\u00a0<u><a href=\"http:\/\/support.apple.com\/kb\/ph5042\">Safari<\/a><\/u>.<\/p>\n<p>Le informamos, no obstante, de la posibilidad de que la desactivaci\u00f3n de alguna cookie impida o dificulte la navegaci\u00f3n o la prestaci\u00f3n de los servicios ofrecidos en la p\u00e1gina Web.<\/p>\n<p>&nbsp;<\/p>\n<p>Gracias por su atenci\u00f3n.<\/p>\n","protected":false},"excerpt":{"rendered":"<p>POL\u00cdTICA DE COOKIES Una cookie es un fichero que se descarga en su dispositivo inform\u00e1tico al acceder a determinadas p\u00e1ginas Web. Las cookies permiten a una p\u00e1gina web, entre otras cosas, almacenar y recuperar informaci\u00f3n sobre los h\u00e1bitos de navegaci\u00f3n de un Usuario o de su equipo y, dependiendo de la informaci\u00f3n que contengan y de la forma en que se utilice su equipo, pueden servir para reconocerlo. No obstante, estos medios s\u00f3lo obtienen informaci\u00f3n&#8230;  <\/p>\n<div class=\"read-more\"><a class=\"excerpt-read-more\" href=\"https:\/\/www.bmbcap.es\/en\/politica-de-cookies\/\" title=\"Continue reading Pol\u00edtica de cookies\">Read more<i class=\"fa fa-angle-right\"><\/i><\/a><\/div>\n","protected":false},"author":2,"featured_media":0,"parent":0,"menu_order":0,"comment_status":"closed","ping_status":"closed","template":"","meta":{"footnotes":""},"class_list":["post-7348","page","type-page","status-publish","hentry"],"_links":{"self":[{"href":"https:\/\/www.bmbcap.es\/en\/wp-json\/wp\/v2\/pages\/7348","targetHints":{"allow":["GET"]}}],"collection":[{"href":"https:\/\/www.bmbcap.es\/en\/wp-json\/wp\/v2\/pages"}],"about":[{"href":"https:\/\/www.bmbcap.es\/en\/wp-json\/wp\/v2\/types\/page"}],"author":[{"embeddable":true,"href":"https:\/\/www.bmbcap.es\/en\/wp-json\/wp\/v2\/users\/2"}],"replies":[{"embeddable":true,"href":"https:\/\/www.bmbcap.es\/en\/wp-json\/wp\/v2\/comments?post=7348"}],"version-history":[{"count":0,"href":"https:\/\/www.bmbcap.es\/en\/wp-json\/wp\/v2\/pages\/7348\/revisions"}],"wp:attachment":[{"href":"https:\/\/www.bmbcap.es\/en\/wp-json\/wp\/v2\/media?parent=7348"}],"curies":[{"name":"wp","href":"https:\/\/api.w.org\/{rel}","templated":true}]}}