{"id":7344,"date":"2019-05-15T16:03:54","date_gmt":"2019-05-15T16:03:54","guid":{"rendered":"https:\/\/www.bmbcap.es\/politica-de-privacidad\/"},"modified":"2020-02-19T13:21:44","modified_gmt":"2020-02-19T13:21:44","slug":"politica-de-privacidad","status":"publish","type":"page","link":"https:\/\/www.bmbcap.es\/en\/politica-de-privacidad\/","title":{"rendered":"Pol\u00edtica de privacidad"},"content":{"rendered":"<p>AVISO LEGAL<\/p>\n<p>Esta p\u00e1gina Web es propiedad de BMB CAP MANAGEMENT, S.L. (en adelante BMB CAP), con NIF n\u00ba B66450222 y domicilio en el Paseo de Gracia, 77, 5\u00ba, 08008 de Barcelona e Inscrita en el Registro Mercantil de Barcelona en el Tomo 44.632, Folio 102, Hoja B-461.826, Inscripci\u00f3n 1\u00aa.<\/p>\n<p>Para cualquier consulta o propuesta, cont\u00e1ctenos llamando al tel\u00e9fono + 34 93 368 85 62 o en el e-mail bmb@bmbcap.es.<\/p>\n<p>Esta p\u00e1gina Web se rige por la normativa exclusivamente aplicable en Espa\u00f1a, quedando sometida a ella, tanto nacionales como extranjeros que utilicen esta Web.<\/p>\n<p>El acceso a nuestra p\u00e1gina Web por parte del USUARIO es gratuito y est\u00e1 condicionado a la previa lectura y aceptaci\u00f3n \u00cdntegra, expresa y sin reservas de las presentes CONDICIONES GENERALES DE USO vigentes en el momento del acceso, que rogamos lea detenidamente. El USUARIO en el momento que utiliza nuestro portal, sus contenidos o servicios, acepta y se somete expresamente a las condiciones generales de uso del mismo. Si el usuario no estuviere de acuerdo con las presentes condiciones de uso, deber\u00e1 abstenerse de utilizar este portal y operar por medio del mismo.<\/p>\n<p>El suministro de datos personales y la compra de productos a trav\u00e9s de nuestro portal requiere una edad m\u00ednima de 14 a\u00f1os, o en su caso, disponer de capacidad jur\u00eddica suficiente para contratar.<\/p>\n<p>En cualquier momento podremos modificar la presentaci\u00f3n y configuraci\u00f3n de nuestra Web, ampliar o reducir servicios, e incluso suprimirla de la Red, as\u00ed como los servicios y contenidos prestados, todo ello de forma unilateral y sin previo aviso.<\/p>\n<p>&nbsp;<\/p>\n<ol>\n<li><strong> PROPIEDAD INTELECTUAL<\/strong><\/li>\n<\/ol>\n<p>Todos los contenidos, textos, im\u00e1genes, y c\u00f3digos fuente son propiedad de BMB CAP o de terceros a los que se han adquirido sus derechos de explotaci\u00f3n, y est\u00e1n protegidos por los derechos de Propiedad Intelectual e Industrial.<\/p>\n<p>El usuario \u00fanicamente tiene derecho a un uso privado de los mismos, sin \u00e1nimo de lucro, y necesita autorizaci\u00f3n expresa para modificarlos, reproducirlos, explotarlos, distribuirlos o ejercer cualquier derecho perteneciente a su titular.<\/p>\n<p>BMB CAP es una marca registrada, y est\u00e1 prohibida su reproducci\u00f3n, imitaci\u00f3n, utilizaci\u00f3n o inserci\u00f3n de estas marcas sin nuestra debida autorizaci\u00f3n.<\/p>\n<p>El establecimiento de enlaces a nuestro portal no confiere ning\u00fan derecho sobre el mismo. Asimismo, el simple hecho de establecer un enlace a nuestra p\u00e1gina web no da derecho a otorgarse la categor\u00eda de colaborador o socio.<\/p>\n<p>BMB CAP queda exonerado de responsabilidad por cualquier reclamaci\u00f3n respecto a los derechos de propiedad intelectual de los art\u00edculos e im\u00e1genes publicadas por terceros en su portal.<\/p>\n<p>Est\u00e1 absolutamente prohibida la imitaci\u00f3n ya sea total o parcial de nuestro portal.<\/p>\n<p>&nbsp;<\/p>\n<ol>\n<li><strong> CONDICIONES DE ACCESO Y USO<\/strong><\/li>\n<\/ol>\n<p>El acceso a nuestra p\u00e1gina Web es gratuito y no exige suscripci\u00f3n o registro previo. Sin embargo, determinados servicios pueden ser de acceso restringido a determinados usuarios y requieren haber realizado un proceso de registro y\/o la identificaci\u00f3n mediante contrase\u00f1as. Estos servicios quedar\u00e1n debidamente identificados en la Web.<\/p>\n<p>El env\u00edo de datos personales implica la aceptaci\u00f3n expresa por parte del USUARIO de nuestra pol\u00edtica de privacidad.<\/p>\n<p>El usuario debe acceder a nuestra p\u00e1gina Web conforme a la buena fe, las normas de orden p\u00fablico y a las presentes Condiciones Generales de uso. El acceso a nuestro sitio Web se realiza bajo la propia y exclusiva responsabilidad del usuario, que responder\u00e1 en todo caso de los da\u00f1os y perjuicios que pueda causar a terceros o a nosotros mismos.<\/p>\n<p>El usuario tiene expresamente prohibida la utilizaci\u00f3n y obtenci\u00f3n de los servicios, productos y contenidos ofrecidos en la presente p\u00e1gina web, por procedimientos distintos a los estipulados en las presentes condiciones de uso y, en su caso, en las condiciones particulares que regulen la adquisici\u00f3n de determinados productos.<\/p>\n<p>El USUARIO tiene prohibido cualquier tipo de acci\u00f3n sobre nuestro portal que origine una excesiva sobrecarga de funcionamiento a nuestros sistemas inform\u00e1ticos, as\u00ed como la introducci\u00f3n de virus, o instalaci\u00f3n de robots, o software que altere el normal funcionamiento de nuestra web, o en definitiva pueda causar da\u00f1os a nuestros sistemas inform\u00e1ticos.<\/p>\n<p>Teniendo en cuenta la imposibilidad de control respecto a la informaci\u00f3n, contenidos y servicios que contengan otras p\u00e1ginas web a los que se pueda acceder a trav\u00e9s de los enlaces que nuestra p\u00e1gina web pueda poner a su disposici\u00f3n, le comunicamos que BMB CAP, queda eximida de cualquier responsabilidad por los da\u00f1os y perjuicios de toda clase que pudiesen derivar por la utilizaci\u00f3n de esas p\u00e1ginas web, ajenas a nuestra empresa, por parte del usuario.<\/p>\n<p>BMB CAP se reserva el derecho unilateral y sin preaviso de dar de baja a cualquier USUARIO que la organizaci\u00f3n entienda que ha vulnerado las condiciones que rigen el uso de nuestra p\u00e1gina web, sin que el USUARIO tenga derecho a reclamaci\u00f3n de ning\u00fan tipo por este tipo de acciones. Asimismo, se reserva el derecho de ejercitar las acciones legales oportunas contra aquellos que vulneren las presentes condiciones generales de uso, aceptando el USUARIO que la no iniciaci\u00f3n de estas acciones no constituye una renuncia formal a los mismas, permaneciendo \u00e9stas vigentes hasta los plazos legales de prescripci\u00f3n de las infracciones.<\/p>\n<ol>\n<li><strong> POL\u00cdTICA DE PRIVACIDAD<\/strong><\/li>\n<\/ol>\n<p>La confidencialidad y la seguridad son valores primordiales de BMB CAP y, en consecuencia, asumimos el compromiso de garantizar la privacidad del Usuario en todo momento y de no recabar informaci\u00f3n innecesaria. A continuaci\u00f3n, le proporcionamos toda la informaci\u00f3n necesaria sobre nuestra Pol\u00edtica de Privacidad en relaci\u00f3n con los datos personales que recabamos, explic\u00e1ndole:<\/p>\n<p>&#8211;\u00a0\u00a0\u00a0\u00a0\u00a0 Qui\u00e9n es el responsable del tratamiento de sus datos.<\/p>\n<p>&#8211;\u00a0\u00a0\u00a0\u00a0\u00a0 Para qu\u00e9 finalidades recabamos los datos que le solicitamos.<\/p>\n<p>&#8211;\u00a0\u00a0\u00a0\u00a0\u00a0 Cu\u00e1l es la legitimaci\u00f3n para su tratamiento.<\/p>\n<p>&#8211;\u00a0\u00a0\u00a0\u00a0\u00a0 Durante cu\u00e1nto tiempo los conservamos.<\/p>\n<p>&#8211;\u00a0\u00a0\u00a0\u00a0\u00a0 A qu\u00e9 destinatarios se comunican sus datos.<\/p>\n<p>&#8211;\u00a0\u00a0\u00a0\u00a0\u00a0 Cu\u00e1les son sus derechos.<\/p>\n<ol>\n<li><strong>Finalidades, legitimaci\u00f3n y conservaci\u00f3n de los tratamientos de los datos enviados a trav\u00e9s de<\/strong>:<\/li>\n<\/ol>\n<ul>\n<li>FORMULARIO DE CONTACTO.<\/li>\n<\/ul>\n<p><strong>Finalidad:<\/strong> Facilitarle un medio para que pueda ponerse en contacto con nosotros y contestar a sus solicitudes de informaci\u00f3n, as\u00ed como enviarle comunicaciones de nuestros productos, servicios y actividades, inclusive por medios electr\u00f3nicos, si marca la casilla de aceptaci\u00f3n.<\/p>\n<p><strong>Legitimaci\u00f3n:<\/strong> El consentimiento del usuario al solicitarnos informaci\u00f3n a trav\u00e9s de nuestro formulario de contactos y al marcar la casilla de aceptaci\u00f3n de env\u00edo de informaci\u00f3n.<\/p>\n<p><strong>Conservaci\u00f3n:<\/strong> Hasta una vez resulta su solicitud por medio de nuestro formulario o contestada por correo electr\u00f3nico, si no ha generado un nuevo tratamiento. En caso de haber aceptado recibir env\u00edos comerciales, hasta que solicite la baja de los mismos.<\/p>\n<ul>\n<li>ENV\u00cdO DE CORREOS ELECTR\u00d3NICOS.<\/li>\n<\/ul>\n<p><strong>Finalidad:<\/strong> Contestar a sus solicitudes de informaci\u00f3n, atender sus peticiones y responder sus consultas o dudas.<\/p>\n<p><strong>Legitimaci\u00f3n:<\/strong> El consentimiento del usuario al solicitarnos informaci\u00f3n a trav\u00e9s de la direcci\u00f3n de correo electr\u00f3nico.<\/p>\n<p><strong>Conservaci\u00f3n:<\/strong> Hasta una vez contestada su petici\u00f3n por correo electr\u00f3nico, si no ha generado un nuevo tratamiento.<\/p>\n<ul>\n<li>ENV\u00cdO DEL CURR\u00cdCULUM VITAE POR CORREO ELECTR\u00d3NICO<\/li>\n<\/ul>\n<p><strong>Finalidad:<\/strong> Disponer de su curr\u00edculum para participar en nuestros procesos de selecci\u00f3n de personal.<\/p>\n<p><strong>Legitimaci\u00f3n:<\/strong> El consentimiento del usuario al remitirnos su informaci\u00f3n personal y curr\u00edculum para nuestros procesos de selecci\u00f3n de personal.<\/p>\n<p><strong>Conservaci\u00f3n:<\/strong> Durante el desarrollo de los procesos de selecci\u00f3n de personal abiertos y durante 1 a\u00f1o para futuros procesos.<\/p>\n<ul>\n<li>SUSCRIPCI\u00d3N A NUESTRA NEWSLETTER<\/li>\n<\/ul>\n<p><strong>Finalidad:<\/strong> Env\u00edo de nuestro bolet\u00edn comercial y de comunicaciones informativas y publicitarias sobre nuestros productos o servicios que sean de su inter\u00e9s, incluso por medios electr\u00f3nicos.<\/p>\n<p><strong>Legitimaci\u00f3n:<\/strong> El consentimiento del usuario al suscribirse a nuestros env\u00edos comerciales y\/o newsletters.<\/p>\n<p><strong>Conservaci\u00f3n:<\/strong> Hasta que el interesado revoque el consentimiento y solicite la baja del servicio.<\/p>\n<p><strong>Obligaci\u00f3n de facilitarnos sus datos personales y consecuencias de no hacerlo.<\/strong><\/p>\n<p>El suministro de datos personales requiere una edad m\u00ednima de 14 a\u00f1os, o en su caso, disponer de capacidad jur\u00eddica suficiente para contratar.<\/p>\n<p>Los datos personales solicitados son necesarios para gestionar sus solicitudes y\/o prestarle los servicios que pueda contratar, por lo que, si no nos los facilita, no podremos atenderle correctamente ni prestarle el servicio que ha solicitado.<\/p>\n<ol start=\"2\">\n<li><strong>Destinatarios de sus datos<\/strong><\/li>\n<\/ol>\n<p>Sus datos son confidenciales y no se ceder\u00e1n a terceros, salvo que exista obligaci\u00f3n legal.<\/p>\n<ol start=\"3\">\n<li><strong>Derechos en relaci\u00f3n con sus datos personales<\/strong><\/li>\n<\/ol>\n<p>Cualquier persona puede retirar su consentimiento en cualquier momento, cuando el mismo se haya otorgado para el tratamiento de sus datos. En ning\u00fan caso, la retirada de este consentimiento condiciona la ejecuci\u00f3n del contrato de suscripci\u00f3n o las relaciones generadas con anterioridad.<\/p>\n<p>Igualmente, puede ejercer los siguientes derechos:<\/p>\n<p>&#8211;\u00a0\u00a0\u00a0\u00a0\u00a0 Solicitar el acceso a sus datos personales o su rectificaci\u00f3n cuando sean inexactos.<\/p>\n<p>&#8211;\u00a0\u00a0\u00a0\u00a0\u00a0 Solicitar su supresi\u00f3n cuando, entre otros motivos, los datos ya no sean necesarios para los fines para los que fueron recogidos.<\/p>\n<p>&#8211;\u00a0\u00a0\u00a0\u00a0\u00a0 Solicitar la limitaci\u00f3n de su tratamiento en determinadas circunstancias.<\/p>\n<p>&#8211;\u00a0\u00a0\u00a0\u00a0\u00a0 Solicitar la oposici\u00f3n al tratamiento de sus datos por motivos relacionados con su situaci\u00f3n particular.<\/p>\n<p>&#8211;\u00a0\u00a0\u00a0\u00a0\u00a0 Solicitar la portabilidad de los datos en los casos previstos en la normativa.<\/p>\n<p>&#8211;\u00a0\u00a0\u00a0\u00a0\u00a0 Otros derechos reconocidos en las normativas aplicables.<\/p>\n<p>D\u00f3nde y c\u00f3mo solicitar sus Derechos: Mediante un escrito dirigido al responsable a su direcci\u00f3n postal o electr\u00f3nica (indicadas en el apartado A), indicando la referencia \u201cDatos Personales\u201d, especificando el derecho que se quiere ejercer y respecto a qu\u00e9 datos personales.<\/p>\n<p>En caso de divergencias con la empresa en relaci\u00f3n con el tratamiento de sus datos, puede presentar una reclamaci\u00f3n ante la Autoridad de Protecci\u00f3n de Datos (<a href=\"http:\/\/www.agpd.es\/\">www.agpd.es<\/a>).<\/p>\n<ol start=\"4\">\n<li><strong>Cookies<\/strong><\/li>\n<\/ol>\n<p>Esta p\u00e1gina web s\u00f3lo utiliza cookies t\u00e9cnicas y de personalizaci\u00f3n de sesi\u00f3n, que en ning\u00fan caso tratan datos de car\u00e1cter personal ni captan h\u00e1bitos de navegaci\u00f3n para fines estad\u00edsticos o publicitarios, por ello, no se requiere, de acuerdo con el art\u00edculo 22 de la Ley de Servicios de la Sociedad de la Informaci\u00f3n, su consentimiento para su instalaci\u00f3n temporal durante su sesi\u00f3n de navegaci\u00f3n.<\/p>\n<ol start=\"5\">\n<li><strong>Seguridad de sus datos personales<\/strong><\/li>\n<\/ol>\n<p>Con el objetivo de salvaguardar la seguridad de sus datos personales, le informamos que hemos adoptado todas las medidas de \u00edndole t\u00e9cnica y organizativa necesarias para garantizar la seguridad de los datos personales suministrados de su alteraci\u00f3n, p\u00e9rdida, y tratamientos o accesos no autorizados.<\/p>\n<ol start=\"6\">\n<li><strong>Actualizaci\u00f3n de sus datos<\/strong><\/li>\n<\/ol>\n<p>Es importante que para que podamos mantener sus datos personales actualizados, nos informe siempre que haya habido alguna modificaci\u00f3n en ellos, en caso contrario, no respondemos de la veracidad de los mismos.<\/p>\n<p>No nos hacemos responsables de la pol\u00edtica de privacidad respecto a los datos personales que pueda facilitar a terceros por medio de los enlaces disponibles en nuestra p\u00e1gina web.<\/p>\n<p>La presente Pol\u00edtica de Privacidad puede ser modificada para adaptarlas a los cambios que se produzca en nuestra web, as\u00ed como modificaciones legislativas o jurisprudenciales sobre datos personales que vayan apareciendo, por lo que exige su lectura, cada vez que nos facilite sus datos a trav\u00e9s de esta Web.<\/p>\n<ol>\n<li><strong> RESPONSABILIDADES<\/strong><\/li>\n<\/ol>\n<p>Al poner a disposici\u00f3n del usuario esta p\u00e1gina Web queremos ofrecerle un servicio de calidad, utilizando la m\u00e1xima diligencia en la prestaci\u00f3n del mismo, as\u00ed como en los medios tecnol\u00f3gicos utilizados. No obstante, no responderemos de la presencia de virus y otros elementos que de alg\u00fan modo puedan da\u00f1ar el sistema inform\u00e1tico del usuario.<\/p>\n<p>BMB CAP no garantiza que la disponibilidad del servicio sea continua e ininterrumpida, por circunstancias originadas por problemas en la red de Internet, aver\u00edas en los dispositivos inform\u00e1ticos u otras circunstancias imprevisibles, de manera que el USUARIO acepta soportar dentro de unos l\u00edmites razonables estas circunstancias, por lo que renuncia expresamente a reclamar a BMB CAP cualquier responsabilidad por los posibles fallos, errores y uso del servicio.<\/p>\n<p>El USUARIO asume toda la responsabilidad derivada del uso de nuestra p\u00e1gina web, siendo el \u00fanico responsable de todo efecto directo o indirecto que sobre la p\u00e1gina web se derive, incluyendo, de forma enunciativa y no limitativa, todo resultado econ\u00f3mico, t\u00e9cnico y\/o jur\u00eddico adverso, as\u00ed como la defraudaci\u00f3n de las expectativas generadas por nuestro portal, oblig\u00e1ndose el usuario a mantener indemne a BMB CAP por cualesquiera reclamaciones derivadas, directa o indirectamente de tales hechos.<\/p>\n<p>BMB CAP no garantiza la exactitud, veracidad y vigencia de los contenidos de esta p\u00e1gina web, ya sean propios, de terceros, o enlazables a otras webs, quedando totalmente exonerada de cualquier responsabilidad derivada del uso de la mismos.<\/p>\n<p>BMB CAP queda exonerada de cualquier responsabilidad derivada de cualquier reclamaci\u00f3n, incluido el pago de honorarios a abogados, por las demandas y reclamaciones originadas por terceros por el incumplimiento por parte del USUARIO de nuestras condiciones de uso, acceso y pol\u00edtica de privacidad, o cualquiera otra reclamaci\u00f3n por el incumplimiento de la legislaci\u00f3n vigente.<\/p>\n<p>El USUARIO reconoce que ha entendido toda la informaci\u00f3n respecto a las condiciones de uso de nuestro portal, y reconoce que son suficientes para la exclusi\u00f3n del error en las mismas, y por lo tanto, las acepta integra y expresamente.<\/p>\n<p>El USUARIO es plenamente consciente de que la mera navegaci\u00f3n por la presente p\u00e1gina web, as\u00ed como la utilizaci\u00f3n de sus servicios, implica la aceptaci\u00f3n de las presentes condiciones de uso.<\/p>\n<p>Todo lo referente a nuestra p\u00e1gina web, se rige exclusivamente por las leyes espa\u00f1olas. En el caso de que se produzca cualquier tipo de discrepancia o diferencia entre las partes en relaci\u00f3n con la interpretaci\u00f3n y contenido de la presente p\u00e1gina web, todas las partes se someten, con renuncia expresa a cualquier otro fuero, a los Juzgados y Tribunales de Barcelona.<\/p>\n<p>&nbsp;<\/p>\n<ol>\n<li><strong> VIGENCIA DE LAS CONDICIONES GENERALES DE ACCESO A LA WEB<\/strong><\/li>\n<\/ol>\n<p>Las presentes Condiciones Generales de Uso han sido modificadas con fecha 04\/09\/2019. En cualquier momento podemos proceder a su modificaci\u00f3n: por favor, compruebe la fecha de emisi\u00f3n en cada ocasi\u00f3n en que se conecte a nuestra p\u00e1gina Web y as\u00ed tendr\u00e1 la certeza de que no se ha producido modificaci\u00f3n alguna que le afecte.<\/p>\n<p>Para cualquier cuesti\u00f3n respecto a las Condiciones de Uso de nuestra p\u00e1gina web, puede ponerse en contacto con nosotros en los datos arriba indicados, o con Lant Abogados en info@lant-abogados.com o en <a href=\"http:\/\/www.lant-abogados.com\/\">www.lant-abogados.com<\/a>.<\/p>\n<p>&nbsp;<\/p>\n<p>&nbsp;<\/p>\n","protected":false},"excerpt":{"rendered":"<p>AVISO LEGAL Esta p\u00e1gina Web es propiedad de BMB CAP MANAGEMENT, S.L. (en adelante BMB CAP), con NIF n\u00ba B66450222 y domicilio en el Paseo de Gracia, 77, 5\u00ba, 08008 de Barcelona e Inscrita en el Registro Mercantil de Barcelona en el Tomo 44.632, Folio 102, Hoja B-461.826, Inscripci\u00f3n 1\u00aa. Para cualquier consulta o propuesta, cont\u00e1ctenos llamando al tel\u00e9fono + 34 93 368 85 62 o en el e-mail bmb@bmbcap.es. Esta p\u00e1gina Web se rige&#8230;  <\/p>\n<div class=\"read-more\"><a class=\"excerpt-read-more\" href=\"https:\/\/www.bmbcap.es\/en\/politica-de-privacidad\/\" title=\"Continue reading Pol\u00edtica de privacidad\">Read more<i class=\"fa fa-angle-right\"><\/i><\/a><\/div>\n","protected":false},"author":2,"featured_media":0,"parent":0,"menu_order":0,"comment_status":"closed","ping_status":"closed","template":"","meta":{"footnotes":""},"class_list":["post-7344","page","type-page","status-publish","hentry"],"_links":{"self":[{"href":"https:\/\/www.bmbcap.es\/en\/wp-json\/wp\/v2\/pages\/7344","targetHints":{"allow":["GET"]}}],"collection":[{"href":"https:\/\/www.bmbcap.es\/en\/wp-json\/wp\/v2\/pages"}],"about":[{"href":"https:\/\/www.bmbcap.es\/en\/wp-json\/wp\/v2\/types\/page"}],"author":[{"embeddable":true,"href":"https:\/\/www.bmbcap.es\/en\/wp-json\/wp\/v2\/users\/2"}],"replies":[{"embeddable":true,"href":"https:\/\/www.bmbcap.es\/en\/wp-json\/wp\/v2\/comments?post=7344"}],"version-history":[{"count":2,"href":"https:\/\/www.bmbcap.es\/en\/wp-json\/wp\/v2\/pages\/7344\/revisions"}],"predecessor-version":[{"id":7537,"href":"https:\/\/www.bmbcap.es\/en\/wp-json\/wp\/v2\/pages\/7344\/revisions\/7537"}],"wp:attachment":[{"href":"https:\/\/www.bmbcap.es\/en\/wp-json\/wp\/v2\/media?parent=7344"}],"curies":[{"name":"wp","href":"https:\/\/api.w.org\/{rel}","templated":true}]}}