{"id":6779,"date":"2017-02-23T16:16:50","date_gmt":"2017-02-23T16:16:50","guid":{"rendered":"https:\/\/www.bmbcap.es\/funds-and-wallets\/optimum-berlin-property\/"},"modified":"2017-05-09T15:10:25","modified_gmt":"2017-05-09T15:10:25","slug":"optimum-berlin-property","status":"publish","type":"page","link":"https:\/\/www.bmbcap.es\/en\/funds-and-wallets\/optimum-berlin-property\/","title":{"rendered":"Optimum Berlin Property"},"content":{"rendered":"<p>[vc_row top=&#8221;140px&#8221; bottom=&#8221;50px&#8221; content_fadeout=&#8221;content-fadeout&#8221; bg_type=&#8221;image&#8221; scale_speed=&#8221;0.50&#8243; bg_cover=&#8221;cover&#8221; bg_repeat=&#8221;no-repeat&#8221; bg_position=&#8221;Center center&#8221; overlay_pattern=&#8221;sm_cell_b&#8221; overlay_pattern_op=&#8221;0.1&#8243; bg_image=&#8221;6147&#8243; bg_color=&#8221;#3e4058&#8243;][vc_column][vc_heading h_size=&#8221;h-extralarge&#8221; title=&#8221;OPTIMUM BERLIN PROPERTY&#8221; title_color=&#8221;#ffffff&#8221; subtitle_color=&#8221;#ffffff&#8221; divider=&#8221;div-between&#8221; divider_type=&#8221;div-wide-thick&#8221; divider_color=&#8221;#30b9e6&#8243;][\/vc_column][\/vc_row][vc_row][vc_column width=&#8221;1\/2&#8243;][vc_column_text]OPTIMUM BERLIN S.A. especializado en el mercado residencial de Berl\u00edn eligiendo activos en zonas con gran potencial de revalorizaci\u00f3n para su gesti\u00f3n de alquileres y posterior venta. Ha cerrado operaciones con una rentabilidad media de 72%[\/vc_column_text][\/vc_column][vc_column width=&#8221;1\/2&#8243;][vc_single_image][\/vc_column][\/vc_row]<\/p>\n","protected":false},"excerpt":{"rendered":"<p>[vc_row top=&#8221;140px&#8221; bottom=&#8221;50px&#8221; content_fadeout=&#8221;content-fadeout&#8221; bg_type=&#8221;image&#8221; scale_speed=&#8221;0.50&#8243; bg_cover=&#8221;cover&#8221; bg_repeat=&#8221;no-repeat&#8221; bg_position=&#8221;Center center&#8221; overlay_pattern=&#8221;sm_cell_b&#8221; overlay_pattern_op=&#8221;0.1&#8243; bg_image=&#8221;6147&#8243; bg_color=&#8221;#3e4058&#8243;][vc_column][vc_heading h_size=&#8221;h-extralarge&#8221; title=&#8221;OPTIMUM BERLIN PROPERTY&#8221; title_color=&#8221;#ffffff&#8221; subtitle_color=&#8221;#ffffff&#8221; divider=&#8221;div-between&#8221; divider_type=&#8221;div-wide-thick&#8221; divider_color=&#8221;#30b9e6&#8243;][\/vc_column][\/vc_row][vc_row][vc_column width=&#8221;1\/2&#8243;][vc_column_text]OPTIMUM BERLIN S.A. especializado en el mercado residencial de Berl\u00edn eligiendo activos en zonas con gran potencial de revalorizaci\u00f3n para su gesti\u00f3n de alquileres y posterior venta. Ha cerrado operaciones con una rentabilidad media de 72%[\/vc_column_text][\/vc_column][vc_column width=&#8221;1\/2&#8243;][vc_single_image][\/vc_column][\/vc_row]<\/p>\n","protected":false},"author":1,"featured_media":0,"parent":6639,"menu_order":0,"comment_status":"closed","ping_status":"closed","template":"page-full-width.php","meta":{"footnotes":""},"class_list":["post-6779","page","type-page","status-publish","hentry"],"_links":{"self":[{"href":"https:\/\/www.bmbcap.es\/en\/wp-json\/wp\/v2\/pages\/6779","targetHints":{"allow":["GET"]}}],"collection":[{"href":"https:\/\/www.bmbcap.es\/en\/wp-json\/wp\/v2\/pages"}],"about":[{"href":"https:\/\/www.bmbcap.es\/en\/wp-json\/wp\/v2\/types\/page"}],"author":[{"embeddable":true,"href":"https:\/\/www.bmbcap.es\/en\/wp-json\/wp\/v2\/users\/1"}],"replies":[{"embeddable":true,"href":"https:\/\/www.bmbcap.es\/en\/wp-json\/wp\/v2\/comments?post=6779"}],"version-history":[{"count":1,"href":"https:\/\/www.bmbcap.es\/en\/wp-json\/wp\/v2\/pages\/6779\/revisions"}],"predecessor-version":[{"id":6780,"href":"https:\/\/www.bmbcap.es\/en\/wp-json\/wp\/v2\/pages\/6779\/revisions\/6780"}],"up":[{"embeddable":true,"href":"https:\/\/www.bmbcap.es\/en\/wp-json\/wp\/v2\/pages\/6639"}],"wp:attachment":[{"href":"https:\/\/www.bmbcap.es\/en\/wp-json\/wp\/v2\/media?parent=6779"}],"curies":[{"name":"wp","href":"https:\/\/api.w.org\/{rel}","templated":true}]}}