{"id":6662,"date":"2017-02-28T17:33:17","date_gmt":"2017-02-28T17:33:17","guid":{"rendered":"https:\/\/www.bmbcap.es\/funds-and-wallets\/ore\/shareholder-information-respain\/junta-general-de-accionistas-re-spain\/"},"modified":"2024-12-17T21:20:43","modified_gmt":"2024-12-17T21:20:43","slug":"general-meeting-of-shareholders-respain","status":"publish","type":"page","link":"https:\/\/www.bmbcap.es\/en\/funds-and-wallets\/ore\/shareholder-information-respain\/general-meeting-of-shareholders-respain\/","title":{"rendered":"General meeting of shareholders RE SPAIN"},"content":{"rendered":"<p>[vc_row top=&#8221;120px&#8221; bottom=&#8221;50px&#8221; content_fadeout=&#8221;content-fadeout&#8221; bg_type=&#8221;image&#8221; bg_cover=&#8221;cover&#8221; bg_repeat=&#8221;no-repeat&#8221; bg_position=&#8221;Center center&#8221; overlay_pattern=&#8221;sm_cell_b&#8221; overlay_pattern_op=&#8221;0.1&#8243; bg_color=&#8221;#3e4058&#8243; bg_image=&#8221;6084&#8243;][vc_column][vc_heading h_size=&#8221;h-extralarge&#8221; title=&#8221;OPTIMUM RE SPAIN&#8221; title_color=&#8221;#ffffff&#8221; subtitle=&#8221;General meeting of shareholders&#8221; subtitle_color=&#8221;#ffffff&#8221; divider=&#8221;div-between&#8221; divider_type=&#8221;div-wide-thick&#8221; divider_color=&#8221;#30b9e6&#8243;][\/vc_column][\/vc_row][vc_row top=&#8221;30px&#8221; bottom=&#8221;30px&#8221;][vc_column textalign=&#8221;center&#8221;][vc_wp_custommenu nav_menu=&#8221;42&#8243; el_class=&#8221;menu-horiz&#8221;][\/vc_column][\/vc_row][vc_row][vc_column width=&#8221;1\/4&#8243;][vc_empty_space][vc_wp_custommenu title=&#8221;Informaci\u00f3n para accionistas RE SPAIN&#8221; nav_menu=&#8221;43&#8243; el_class=&#8221;menu-vertical&#8221;][\/vc_column][vc_column width=&#8221;3\/4&#8243;][vc_empty_space][vc_tabs interval=&#8221;0&#8243; title=&#8221;Year&#8221;][vc_tab title=&#8221;2024&#8243; tab_id=&#8221;6610021231590-6-10&#8243;][vc_column_text css=&#8221;&#8221;]<a href=\"https:\/\/www.bmbcap.es\/wp-content\/uploads\/2024\/04\/20240429-ORE-OIR-Convocatoria-Junta-General-Ordinaria-002.pdf\" target=\"_blank\" rel=\"noopener\">29-04-2024 &#8211; Call of the \u00a0Shareholders\u2019 General Meeting 20th June 2024<\/a><\/p>\n<p><a href=\"https:\/\/www.bmbcap.es\/wp-content\/uploads\/2024\/12\/20241217-ORE-OIR-Convocatoria-Junta-General-Extraordinaria-V2DEF.pdf\" target=\"_blank\" rel=\"noopener\">17-12-2024 &#8211; Call Extraordinary General Meeting 17th January 2025<\/a>[\/vc_column_text][\/vc_tab][vc_tab title=&#8221;2023&#8243; tab_id=&#8221;1734470363283-8-4&#8243;][vc_column_text css=&#8221;&#8221;]<a href=\"https:\/\/www.bmbcap.es\/wp-content\/uploads\/2023\/04\/20230418-ORE-OIR-Convocatoria-Junta-General-Ordinaria.pdf\" target=\"_blank\" rel=\"noopener\">19-04-2023 &#8211; Announcement Shareholders\u2019 General Meeting June 2023<\/a><\/p>\n<p><a href=\"https:\/\/www.bmbcap.es\/wp-content\/uploads\/2024\/02\/20230622-ORE-Acuerdos-Adoptados-en-Junta-Ordinaria-de-21-de-junio-de-2023-2.pdf\" target=\"_blank\" rel=\"noopener\">22-06-2023 Resolutions Adopted at the Ordinary Shareholders&#8217; Meeting of June 21, 2023<\/a>[\/vc_column_text][\/vc_tab][vc_tab title=&#8221;2022&#8243; tab_id=&#8221;1618218946307-6-10&#8243;][vc_column_text]<a href=\"https:\/\/www.bmbcap.es\/wp-content\/uploads\/2022\/05\/20220503-ORE-OIR-Convocatoria-Junta-General-Ordinaria.pdf\">03-05-2022 &#8211; Call Shareholders&#8217; General Meeting<\/a><\/p>\n<p><a href=\"https:\/\/www.bmbcap.es\/wp-content\/uploads\/2024\/02\/20220610-ORE-Acuerdos-Adoptados-en-Junta-Ordinaria-de-8-de-junio-de-2022.pdf\" target=\"_blank\" rel=\"noopener\">10-06-2022 &#8211; Resolutions Adopted at the Ordinary Shareholders&#8217; Meeting of June 8, 2022<\/a><\/p>\n<p><a href=\"https:\/\/www.bmbcap.es\/wp-content\/uploads\/2022\/09\/20220901-ORE-OIR-Convocatoria-Junta-General-Extraordinaria.pdf\">01-09-2022 &#8211; Call Shareholders&#8217; General Meeting<\/a><\/p>\n<p><a href=\"https:\/\/www.bmbcap.es\/wp-content\/uploads\/2022\/10\/20221005-ORE-Acuerdos-Adoptados-en-Junta-Extraordinaria-de-5-de-octubre-de-2022.pdf\" target=\"_blank\" rel=\"noopener\">06-10-2022 &#8211; Agreements Shareholders\u2019 Meeting 5th October 2022<\/a><\/p>\n<p><a href=\"https:\/\/www.bmbcap.es\/wp-content\/uploads\/2022\/10\/20221005-ORE-Nombramiento-de-Presidente.pdf\" target=\"_blank\" rel=\"noopener\">06-10-2022 &#8211; New chairman appointment<\/a><\/p>\n<p><a href=\"https:\/\/www.bmbcap.es\/wp-content\/uploads\/2022\/10\/20221020-ORE-OIR-Convocatoria-Junta-General-Extraordinaria.pdf\" target=\"_blank\" rel=\"noopener\">20-10-2022 &#8211; Call Shareholders\u2019 General Meeting<\/a><\/p>\n<p><a href=\"https:\/\/www.bmbcap.es\/wp-content\/uploads\/2024\/02\/20221123-ORE-OIR-Acuerdos-adoptados-en-Junta-General-Extraordinaria-de-22-de-noviembre-de-2022.pdf\">11-23-2022 &#8211; Resolutions adopted at the Extraordinary Meeting of November 22, 2022<\/a>[\/vc_column_text][\/vc_tab][vc_tab title=&#8221;2021&#8243; tab_id=&#8221;1618219074733-5-9&#8243;][vc_column_text]<a href=\"https:\/\/www.bmbcap.es\/wp-content\/uploads\/2021\/04\/202104107-ORE-OIR-Convocatoria-Junta-General-Ordinaria.pdf\">09-04-2021 &#8211; Call Shareholders&#8217; General Meeting<\/a><\/p>\n<p><a href=\"https:\/\/www.bmbcap.es\/wp-content\/uploads\/2021\/06\/Informe-de-la-justificaci\u00f3n-de-la-modificaci\u00f3n-del-art\u00edculo-7-BIS-de-los-estatutos-sociales.docx\">09-04-2021 &#8211; Report regarding the modification of article 7BIS of the Articles of Association<\/a><\/p>\n<p><a href=\"https:\/\/www.bmbcap.es\/wp-content\/uploads\/2021\/06\/20210617-ORE-Acuerdos-Adoptados-en-Junta-Ordinaria-de-17-de-junio-de-2021.pdf\">18-06-2021 &#8211; Resolutions Shareholders&#8217; General Meeting<\/a>[\/vc_column_text][\/vc_tab][vc_tab title=&#8221;2020&#8243; tab_id=&#8221;1589791236530-4-2&#8243;][vc_column_text]<a href=\"https:\/\/www.bmbcap.es\/wp-content\/uploads\/2020\/05\/20200515-ORE-Convocatoria-Junta-General-Ordinaria-Informaci\u00f3n-relevante.pdf\">15\/05\/2020 &#8211; Call General Shareholders&#8217; Meeting<\/a><\/p>\n<p><a href=\"https:\/\/www.bmbcap.es\/wp-content\/uploads\/2020\/06\/20200617-ORE-Acuerdos-Adoptados-en-Junta-Ordinaria-de-17-de-junio-de-2020.pdf\">16\/06\/2020 &#8211; General Shareholders&#8217; Meeting<\/a><\/p>\n<p><a href=\"https:\/\/www.bmbcap.es\/wp-content\/uploads\/2020\/09\/20200914-ORE-Convocatoria-Junta-General-Extraordinaria-Informaci\u00f3n-relevante.pdf\">14\/09\/2020 &#8211; Call General Shareholders&#8217; Meeting<\/a><\/p>\n<p><a href=\"https:\/\/www.bmbcap.es\/wp-content\/uploads\/2020\/10\/20201015-ORE-Renovaci\u00f3n-cargos-consejeros-Otra-Informaci\u00f3n-relevante.pdf\">14\/10\/2020 &#8211; Sharehoders&#8217; General Meeting<\/a>[\/vc_column_text][\/vc_tab][vc_tab title=&#8221;2019&#8243; tab_id=&#8221;1557400670093-3-9&#8243;][vc_column_text]<a href=\"https:\/\/www.bmbcap.es\/wp-content\/uploads\/2019\/05\/20190509-ORE-Convocatoria-Junta-General-Ordinaria.pdf\">Announcement Shareholders&#8217; meeting 12th June 2019<\/a><\/p>\n<p><a href=\"https:\/\/www.bmbcap.es\/wp-content\/uploads\/2019\/05\/ORE.-Propuesta-acuerdos-a-someter-a-la-junta-general-ordinaria-2019.pdf\">Proposal for resolution to be submited to the Ordinary Shareholders&#8217; Meeting 12th June 2019<\/a><\/p>\n<p><a href=\"https:\/\/www.bmbcap.es\/wp-content\/uploads\/2019\/05\/Optimum-Proxy-JGO-2019-ENGLISH-Company.docx\">Proxy Shareholders meeting 12th June 2019<\/a><\/p>\n<p><a href=\"https:\/\/www.bmbcap.es\/wp-content\/uploads\/2019\/06\/20190613-ORE-Acuerdos-adoptados-Junta-General-Ordinaria-12-junio-2019.pdf\">Agreements adopted Shareholder\u2019s meeting 12 June 2019<\/a><\/p>\n<p><a href=\"https:\/\/www.bmbcap.es\/wp-content\/uploads\/2019\/11\/ORE-CONVOCATORIA-DE-LA-JUNTA-GENERAL-EXTRAORDINARIA-DE-ACCIONISTAS-DE-OVA.-FIRMADA-POR-SECRETARIO.pdf\">Announcement Shareholders&#8217; General Meeting 12th December 2019<\/a><\/p>\n<p><a href=\"https:\/\/www.bmbcap.es\/wp-content\/uploads\/2019\/11\/ORE.-Propuesta-acuerdos-a-someter-a-la-junta-general-extraordinaria-2019.pdf\">Proposal for resolution to be submited to the General Meeting 12th December 2019<\/a><\/p>\n<p><a href=\"https:\/\/www.bmbcap.es\/wp-content\/uploads\/2019\/11\/Optimum-Proxy-JGE-December-2019-ENGLISH.docx\">Proxy Shareholders Meeting 12th December 2019<\/a><\/p>\n<p><a href=\"https:\/\/www.bmbcap.es\/wp-content\/uploads\/2019\/12\/20191213-ORE-Acuerdos-adoptados-Junta-General-Extraordinaria-12-diciembre-2019.pdf\">Agreements adopted Shareholders&#8217; Meeting 12th December 2019<\/a>[\/vc_column_text][\/vc_tab][vc_tab title=&#8221;2018&#8243; tab_id=&#8221;1488302560-1-5764f6-8111&#8243;][vc_column_text]<a href=\"https:\/\/www.bmbcap.es\/wp-content\/uploads\/2018\/05\/05174_HRelev_20180511.pdf\">Announcement Shareholder&#8217;s meeting 12 June 2018<\/a><\/p>\n<p><a href=\"https:\/\/www.bmbcap.es\/wp-content\/uploads\/2018\/06\/05174_HRelev_20180613.pdf\">Shareholder&#8217;s Meeting Presentation 12 June 2018<\/a><\/p>\n<p><a href=\"https:\/\/www.bmbcap.es\/wp-content\/uploads\/2018\/06\/05174_HRelev_201806131.pdf\">Agreements adopted Shareholder&#8217;s meeting 12 June 2018<\/a>[\/vc_column_text][\/vc_tab][vc_tab title=&#8221;2017&#8243; tab_id=&#8221;1526195482809-1-8&#8243;][vc_column_text]<a href=\"https:\/\/www.bmbcap.es\/wp-content\/uploads\/2017\/05\/Convocatoria-Junta-General-Ordinaria.pdf\">Announcement Shareholder&#8217;s meeting<\/a><\/p>\n<p><a href=\"https:\/\/www.bmbcap.es\/wp-content\/uploads\/2017\/05\/Texto-%C3%ADntegro-propuestas-acuerdos-Junta-General-2017.pdf\">Full Content Proposal Agreement Shareholder&#8217;s meeting 2017<\/a><\/p>\n<p><a href=\"https:\/\/www.bmbcap.es\/wp-content\/uploads\/2017\/06\/20170614-ORE-Junta-Optimum-RE-Socimi-14Jun17.pdf\">Shareholder&#8217;s meeting 14 june 2017<\/a><\/p>\n<p><a href=\"https:\/\/www.bmbcap.es\/wp-content\/uploads\/2017\/06\/20170615-ORE-Acuerdos-adoptados-Junta-General-Ordinaria-14-junio-2017.pdf\">Agreements adopted Shareholder&#8217;s meeting 14 June 2017<\/a>[\/vc_column_text][\/vc_tab][vc_tab title=&#8221;2016&#8243; tab_id=&#8221;1526195496839-2-1&#8243;][vc_column_text][\/vc_column_text][\/vc_tab][\/vc_tabs][\/vc_column][\/vc_row]<\/p>\n","protected":false},"excerpt":{"rendered":"<p>[vc_row top=&#8221;120px&#8221; bottom=&#8221;50px&#8221; content_fadeout=&#8221;content-fadeout&#8221; bg_type=&#8221;image&#8221; bg_cover=&#8221;cover&#8221; bg_repeat=&#8221;no-repeat&#8221; bg_position=&#8221;Center center&#8221; overlay_pattern=&#8221;sm_cell_b&#8221; overlay_pattern_op=&#8221;0.1&#8243; bg_color=&#8221;#3e4058&#8243; bg_image=&#8221;6084&#8243;][vc_column][vc_heading h_size=&#8221;h-extralarge&#8221; title=&#8221;OPTIMUM RE SPAIN&#8221; title_color=&#8221;#ffffff&#8221; subtitle=&#8221;General meeting of shareholders&#8221; subtitle_color=&#8221;#ffffff&#8221; divider=&#8221;div-between&#8221; divider_type=&#8221;div-wide-thick&#8221; divider_color=&#8221;#30b9e6&#8243;][\/vc_column][\/vc_row][vc_row top=&#8221;30px&#8221; bottom=&#8221;30px&#8221;][vc_column textalign=&#8221;center&#8221;][vc_wp_custommenu nav_menu=&#8221;42&#8243; el_class=&#8221;menu-horiz&#8221;][\/vc_column][\/vc_row][vc_row][vc_column width=&#8221;1\/4&#8243;][vc_empty_space][vc_wp_custommenu title=&#8221;Informaci\u00f3n para accionistas RE SPAIN&#8221; nav_menu=&#8221;43&#8243; el_class=&#8221;menu-vertical&#8221;][\/vc_column][vc_column width=&#8221;3\/4&#8243;][vc_empty_space][vc_tabs interval=&#8221;0&#8243; title=&#8221;Year&#8221;][vc_tab title=&#8221;2024&#8243; tab_id=&#8221;6610021231590-6-10&#8243;][vc_column_text css=&#8221;&#8221;]29-04-2024 &#8211; Call of the \u00a0Shareholders\u2019 General Meeting 20th June 2024 17-12-2024 &#8211; Call Extraordinary General Meeting 17th January 2025[\/vc_column_text][\/vc_tab][vc_tab title=&#8221;2023&#8243; tab_id=&#8221;1734470363283-8-4&#8243;][vc_column_text css=&#8221;&#8221;]19-04-2023 &#8211; Announcement Shareholders\u2019 General Meeting June 2023 22-06-2023&#8230;  <\/p>\n<div class=\"read-more\"><a class=\"excerpt-read-more\" href=\"https:\/\/www.bmbcap.es\/en\/funds-and-wallets\/ore\/shareholder-information-respain\/general-meeting-of-shareholders-respain\/\" title=\"Continue reading General meeting of shareholders RE SPAIN\">Read more<i class=\"fa fa-angle-right\"><\/i><\/a><\/div>\n","protected":false},"author":1,"featured_media":0,"parent":6648,"menu_order":0,"comment_status":"closed","ping_status":"closed","template":"page-full-width.php","meta":{"footnotes":""},"class_list":["post-6662","page","type-page","status-publish","hentry"],"_links":{"self":[{"href":"https:\/\/www.bmbcap.es\/en\/wp-json\/wp\/v2\/pages\/6662","targetHints":{"allow":["GET"]}}],"collection":[{"href":"https:\/\/www.bmbcap.es\/en\/wp-json\/wp\/v2\/pages"}],"about":[{"href":"https:\/\/www.bmbcap.es\/en\/wp-json\/wp\/v2\/types\/page"}],"author":[{"embeddable":true,"href":"https:\/\/www.bmbcap.es\/en\/wp-json\/wp\/v2\/users\/1"}],"replies":[{"embeddable":true,"href":"https:\/\/www.bmbcap.es\/en\/wp-json\/wp\/v2\/comments?post=6662"}],"version-history":[{"count":35,"href":"https:\/\/www.bmbcap.es\/en\/wp-json\/wp\/v2\/pages\/6662\/revisions"}],"predecessor-version":[{"id":37556,"href":"https:\/\/www.bmbcap.es\/en\/wp-json\/wp\/v2\/pages\/6662\/revisions\/37556"}],"up":[{"embeddable":true,"href":"https:\/\/www.bmbcap.es\/en\/wp-json\/wp\/v2\/pages\/6648"}],"wp:attachment":[{"href":"https:\/\/www.bmbcap.es\/en\/wp-json\/wp\/v2\/media?parent=6662"}],"curies":[{"name":"wp","href":"https:\/\/api.w.org\/{rel}","templated":true}]}}