{"id":6657,"date":"2017-02-28T17:31:43","date_gmt":"2017-02-28T17:31:43","guid":{"rendered":"https:\/\/www.bmbcap.es\/funds-and-wallets\/ore\/shareholder-information-respain\/hechos-relevantes-re-spain\/"},"modified":"2025-01-07T16:00:35","modified_gmt":"2025-01-07T16:00:35","slug":"relevant-facts-respain","status":"publish","type":"page","link":"https:\/\/www.bmbcap.es\/en\/funds-and-wallets\/ore\/shareholder-information-respain\/relevant-facts-respain\/","title":{"rendered":"Relevant facts RE SPAIN"},"content":{"rendered":"<p>[vc_row top=&#8221;120px&#8221; bottom=&#8221;50px&#8221; content_fadeout=&#8221;content-fadeout&#8221; bg_type=&#8221;image&#8221; bg_cover=&#8221;cover&#8221; bg_repeat=&#8221;no-repeat&#8221; bg_position=&#8221;Center center&#8221; overlay_pattern=&#8221;sm_cell_b&#8221; overlay_pattern_op=&#8221;0.1&#8243; bg_color=&#8221;#3e4058&#8243; bg_image=&#8221;6084&#8243;][vc_column][vc_heading h_size=&#8221;h-extralarge&#8221; title=&#8221;OPTIMUM RE SPAIN&#8221; title_color=&#8221;#ffffff&#8221; subtitle=&#8221;Relevant facts&#8221; subtitle_color=&#8221;#ffffff&#8221; divider=&#8221;div-between&#8221; divider_type=&#8221;div-wide-thick&#8221; divider_color=&#8221;#30b9e6&#8243;][\/vc_column][\/vc_row][vc_row top=&#8221;30px&#8221; bottom=&#8221;30px&#8221;][vc_column textalign=&#8221;center&#8221;][vc_wp_custommenu nav_menu=&#8221;42&#8243; el_class=&#8221;menu-horiz&#8221;][\/vc_column][\/vc_row][vc_row][vc_column width=&#8221;1\/4&#8243;][vc_empty_space][vc_wp_custommenu title=&#8221;Informaci\u00f3n para accionistas RE SPAIN&#8221; nav_menu=&#8221;43&#8243; el_class=&#8221;menu-vertical&#8221;][\/vc_column][vc_column width=&#8221;3\/4&#8243;][vc_empty_space][vc_tabs interval=&#8221;0&#8243;]<\/p>\n<p>[vc_tab title=&#8221;2025&#8243; tab_id=&#8221;6610021231590-6-25&#8243;][vc_column_text]<\/p>\n<p><a href=\"https:\/\/www.bmbcap.es\/wp-content\/uploads\/2025\/01\/20250107-ORE-OIR-Participaciones-Significativas.pdf\" target=\"_blank\" rel=\"noopener\">07-01-2024 &#8211; Significant Shareholdings as at 31 December 2024<\/a><\/p>\n<p>[\/vc_column_text][\/vc_tab]<\/p>\n<p>[vc_tab title=&#8221;2024&#8243; tab_id=&#8221;6610021231590-6-24&#8243;][vc_column_text]<\/p>\n<p><a href=\"https:\/\/www.bmbcap.es\/wp-content\/uploads\/2024\/01\/20240108-ORE-OIR-Participaciones-Significativas.pdf\" target=\"_blank\" rel=\"noopener\">08-01-2024 &#8211; Significant shareholdings \u00a0at 31 December 2023<\/a><\/p>\n<p><a href=\"https:\/\/www.bmbcap.es\/wp-content\/uploads\/2024\/04\/20240403-ORE-OIR-Tasacion-RICS-a-31-de-diciembre-2023.pdf\" target=\"_blank\" rel=\"noopener\">03-04-2024 &#8211; RICS Valuation 31 december 2023\u00a0<\/a><\/p>\n<p><a href=\"https:\/\/www.bmbcap.es\/wp-content\/uploads\/2024\/04\/20240408-ORE-OIR-NAV-a-31-de-diciembre-de-2023.pdf\" target=\"_blank\" rel=\"noopener\">09-04-2024 &#8211; NAV of the Company 31 December 2023<\/a><\/p>\n<p><a href=\"https:\/\/www.bmbcap.es\/wp-content\/uploads\/2024\/04\/20240429-ORE-OIR-Convocatoria-Junta-General-Ordinaria-002.pdf\" target=\"_blank\" rel=\"noopener\">29-04-2024 &#8211; Call of the \u00a0Shareholders\u2019 General Meeting 20th June 2024<\/a><\/p>\n<p><a href=\"https:\/\/www.bmbcap.es\/wp-content\/uploads\/2024\/06\/20240603-ORE-OIR-modificacion-propuesta-acuerdos-Junta-General-Ordinaria.pdf\" target=\"_blank\" rel=\"noopener\">03-06-2024 &#8211; Proposed amendment to resolution 4 published together with the Call of the \u00a0Shareholders\u2019 General Meeting 20th June 2024<\/a><\/p>\n<p><a href=\"https:\/\/www.bmbcap.es\/wp-content\/uploads\/2024\/07\/20240703-ORE-OIR-Participaciones-Significativas.pdf\" target=\"_blank\" rel=\"noopener\">04-07-2024 &#8211; Significant Shareholdings at 30 June 2024<\/a><\/p>\n<p><a href=\"https:\/\/www.bmbcap.es\/wp-content\/uploads\/2024\/07\/20240703-ORE-Acuerdos-Migracion-CdA-28-de-junio-de-202449580914.1.pdf\" target=\"_blank\" rel=\"noopener\">04-07-2024 &#8211; Migration agreements to Scale Up by the Company&#8217;s Board of Directors<\/a><\/p>\n<p><a href=\"https:\/\/www.bmbcap.es\/wp-content\/uploads\/2024\/07\/20240726-ORE-OIR-Rescision-contrato-de-liquidez.pdf\" target=\"_blank\" rel=\"noopener\">29-07-2024 &#8211; Termination of liquidity contract<\/a><\/p>\n<p><a href=\"https:\/\/www.bmbcap.es\/wp-content\/uploads\/2024\/12\/20241217-ORE-OIR-Convocatoria-Junta-General-Extraordinaria-V2DEF.pdf\" target=\"_blank\" rel=\"noopener\">17-12-2024 &#8211; Call Extraordinary General Meeting 17th January 2025<\/a><\/p>\n<p>[\/vc_column_text][\/vc_tab]<\/p>\n<p>[vc_tab title=&#8221;2023&#8243; tab_id=&#8221;6610021231590-6-10&#8243;][vc_column_text]<\/p>\n<p><a href=\"https:\/\/www.bmbcap.es\/wp-content\/uploads\/2023\/01\/20230109-ORE-OIR-Participaciones-Significativas.pdf\">10-01-2023 &#8211; Relevant Shareholding<\/a><\/p>\n<p><a href=\"https:\/\/www.bmbcap.es\/wp-content\/uploads\/2023\/04\/20230418-ORE-OIR-Convocatoria-Junta-General-Ordinaria.pdf\" target=\"_blank\" rel=\"noopener\">19-04-2023 &#8211; Announcement Shareholders\u2019 General Meeting June 2023<\/a><\/p>\n<p><a href=\"https:\/\/www.bmbcap.es\/wp-content\/uploads\/2023\/04\/20230418-ORE-OIR-Tasacion-RICS-a-31-de-diciembre-2022.pdf\" target=\"_blank\" rel=\"noopener\">19-04-2023 &#8211; RICS valuation of the Company at 31 December 2022<\/a><\/p>\n<p><a href=\"https:\/\/www.bmbcap.es\/wp-content\/uploads\/2023\/04\/20230418-ORE-OIR-NAV-de-la-Sociedad-a-31-de-diciembre-de-2022.pdf\" target=\"_blank\" rel=\"noopener\">19-04-2023 &#8211; NAV of the Company at 31 December 2022<\/a><\/p>\n<p><a href=\"https:\/\/www.bmbcap.es\/wp-content\/uploads\/2023\/06\/20230622-ORE-Acuerdos-Adoptados-en-Junta-Ordinaria-de-21-de-junio-de-2023.pdf\" target=\"_blank\" rel=\"noopener\">22-06-2023 &#8211; <\/a><a href=\"https:\/\/www.bmbcap.es\/wp-content\/uploads\/2019\/12\/20191213-ORE-Acuerdos-adoptados-Junta-General-Extraordinaria-12-diciembre-2019.pdf\">Agreements Shareholders\u2019 Meeting 21 June 2023<\/a><\/p>\n<p><a href=\"https:\/\/www.bmbcap.es\/wp-content\/uploads\/2023\/07\/20230630-ORE-OIR-Participaciones-Significativas.pdf\" target=\"_blank\" rel=\"noopener\">04-07-2023 &#8211; Relevant shareholdings as at 30 June 2023<\/a><\/p>\n<p><a href=\"https:\/\/www.bmbcap.es\/wp-content\/uploads\/2023\/09\/20230919-ORE-OIR-Tasacion-RICS-a-30-de-junio-2023.pdf\" target=\"_blank\" rel=\"noopener\">20-09-2023 &#8211; RICS of the Company 30 June 2023<\/a><\/p>\n<p><a href=\"https:\/\/www.bmbcap.es\/wp-content\/uploads\/2023\/10\/20231030-ORE-Escrito-Informe-Auditoria-EEFF-20231030.pdf\" target=\"_blank\" rel=\"noopener\">30-10-2023 &#8211; Interim Financial Statements<\/a><\/p>\n<p>[\/vc_column_text][\/vc_tab]<\/p>\n<p>[vc_tab title=&#8221;2022&#8243; tab_id=&#8221;1642071804287-7-9&#8243;][vc_column_text]<\/p>\n<p><a href=\"https:\/\/www.bmbcap.es\/wp-content\/uploads\/2022\/01\/20220110-ORE-OIR-Participaciones-Significativas.pdf\">10-01-2022 &#8211; Relevant Shareholding<\/a><\/p>\n<p><a href=\"https:\/\/www.bmbcap.es\/wp-content\/uploads\/2022\/02\/20220214-ORE-OIR-Tasaci\u00f3n-RICS.pdf\">14-02-2022 &#8211; RICS Valuation<\/a><\/p>\n<p><a href=\"https:\/\/www.bmbcap.es\/wp-content\/uploads\/2022\/04\/NAVORE2021.pdf\">20-04-2022 &#8211; NAV December 2021<\/a><\/p>\n<p><a href=\"https:\/\/www.bmbcap.es\/wp-content\/uploads\/2022\/04\/05174_OtraInfRelev_20220421.pdf\">21-04-2022 &#8211; Information about the company<\/a><\/p>\n<p><a href=\"https:\/\/www.bmbcap.es\/wp-content\/uploads\/2022\/05\/20220503-ORE-OIR-Convocatoria-Junta-General-Ordinaria.pdf\">03-05-2022 &#8211; Call Shareholders&#8217; General Meeting<\/a><\/p>\n<p><a href=\"https:\/\/www.bmbcap.es\/wp-content\/uploads\/2022\/06\/05174_OtraInfRelev_20220610_1.pdf\">10-06-2022 &#8211; Resolutions of the Shareholders\u2019 General Meeting<\/a><\/p>\n<p><a href=\"https:\/\/www.bmbcap.es\/wp-content\/uploads\/2022\/07\/20220705-ORE-OIR-Participaciones-Significativas.pdf\">07-05-2022 &#8211; Relevant shareholding<\/a><\/p>\n<p><a href=\"https:\/\/www.bmbcap.es\/wp-content\/uploads\/2022\/09\/20220901-ORE-OIR-Convocatoria-Junta-General-Extraordinaria.pdf\">01-09-2022 &#8211; Call Shareholders&#8217; General Meeting<\/a><\/p>\n<p><a href=\"https:\/\/www.bmbcap.es\/wp-content\/uploads\/2022\/09\/20220916-ORE-OIR-Tasacion-RICS-v2.pdf\" target=\"_blank\" rel=\"noopener\">20-09-2022 &#8211; RICS Valuation 30th June 2022<\/a><\/p>\n<p><a href=\"https:\/\/www.bmbcap.es\/wp-content\/uploads\/2022\/10\/20221005-ORE-Acuerdos-Adoptados-en-Junta-Extraordinaria-de-5-de-octubre-de-2022.pdf\" target=\"_blank\" rel=\"noopener\">06-10-2022 &#8211; Agreements Shareholders\u2019 Meeting 5th October 2022<\/a><\/p>\n<p><a href=\"https:\/\/www.bmbcap.es\/wp-content\/uploads\/2022\/10\/20221005-ORE-Nombramiento-de-Presidente.pdf\" target=\"_blank\" rel=\"noopener\">06-10-2022 &#8211; New chairman appointment<\/a><\/p>\n<p><a href=\"https:\/\/www.bmbcap.es\/wp-content\/uploads\/2022\/10\/20221020-ORE-OIR-Convocatoria-Junta-General-Extraordinaria.pdf\" target=\"_blank\" rel=\"noopener\">20-10-2022 &#8211; Call Shareholders\u2019 General Meeting<\/a><\/p>\n<p><a href=\"https:\/\/www.bmbcap.es\/wp-content\/uploads\/2022\/10\/20221020-ORE-OIR-Convocatoria-Junta-General-Extraordinaria.pdf\" target=\"_blank\" rel=\"noopener\">28-10-2022 &#8211; Interim financial statements<\/a><\/p>\n<p>[\/vc_column_text][\/vc_tab][vc_tab title=&#8221;2021&#8243; tab_id=&#8221;1610021331588-6-4&#8243;][vc_column_text]<a href=\"https:\/\/www.bmbcap.es\/wp-content\/uploads\/2021\/01\/20210107_ORE_-_OIR_Participaciones_Significativas.pdf\">7-01-2021 &#8211; Relevant Shareholding<\/a><\/p>\n<p><a href=\"https:\/\/www.bmbcap.es\/wp-content\/uploads\/2021\/04\/202104107-ORE-OIR-Convocatoria-Junta-General-Ordinaria.pdf\">9-04-2021 &#8211; Call Shareholders&#8217; General Meeting<\/a><\/p>\n<p><a href=\"https:\/\/www.bmbcap.es\/wp-content\/uploads\/2021\/04\/20210408-ORE-OIR-NAV-a-31-de-diciembre-2020.pdf\">9-04-2021 &#8211; NAV December 2020<\/a><\/p>\n<p><a href=\"https:\/\/www.bmbcap.es\/wp-content\/uploads\/2021\/06\/20210617-ORE-Acuerdos-Adoptados-en-Junta-Ordinaria-de-17-de-junio-de-2021.pdf\">18-06-2021 &#8211; Resolutions of the Shareholders&#8217; General Meeting<\/a><\/p>\n<p><a href=\"https:\/\/www.bmbcap.es\/wp-content\/uploads\/2021\/10\/20211020-ORE-OIR-Tasaci\u00f3n-RICS.pdf\">20-10-2021 &#8211; RICS June 2021<\/a><\/p>\n<p><a href=\"https:\/\/www.bmbcap.es\/wp-content\/uploads\/2021\/10\/20211028-ORE-OIR-NAV-a-30-de-junio-2021-1.pdf\">28-10-2021 &#8211; NAV June 2021<\/a><\/p>\n<p><a href=\"https:\/\/www.bmbcap.es\/wp-content\/uploads\/2021\/10\/20211028-ORE-OIR-Informaci\u00f3n-sobre-activos-de-la-Sociedad.pdf\">28-10-2021 &#8211; Information about assets of the company<\/a>[\/vc_column_text][\/vc_tab][vc_tab title=&#8221;2020&#8243; tab_id=&#8221;1578656209419-5-8&#8243;][vc_column_text]<a href=\"https:\/\/www.bmbcap.es\/wp-content\/uploads\/2020\/01\/20200108-ORE-HR-Participaciones-Significativas.pdf\">8\/1\/2020 &#8211; Significant Shareholding<\/a><\/p>\n<p><a href=\"https:\/\/www.bmbcap.es\/wp-content\/uploads\/2020\/01\/20200123-ORE-Tasaci\u00f3n-RICS-a-31-de-diciembre-de-2019.pdf\">23\/01\/2020 &#8211; RICS Valuation December 2019<\/a><\/p>\n<p><a href=\"https:\/\/www.bmbcap.es\/wp-content\/uploads\/2020\/04\/20200421-ORE-Nueva-financiaci\u00f3n.pdf\">21\/04\/2020 &#8211; Financial agreements<\/a><\/p>\n<p><a href=\"https:\/\/www.bmbcap.es\/wp-content\/uploads\/2020\/05\/20200515-ORE-Convocatoria-Junta-General-Ordinaria-Informaci\u00f3n-relevante.pdf\">15\/05\/2020 &#8211; Call Shareholders&#8217; General Meeting<\/a><\/p>\n<p><a href=\"https:\/\/www.bmbcap.es\/wp-content\/uploads\/2020\/06\/20200605-ORE-NAV-a-31-diciembre-2019-OTRA-INFORMACI\u00d3N-RELEVANTE.pdf\">05\/06\/2020 &#8211; NAV December 2019<\/a><\/p>\n<p><a href=\"https:\/\/www.bmbcap.es\/wp-content\/uploads\/2020\/06\/20200617-ORE-Acuerdos-Adoptados-en-Junta-Ordinaria-de-17-de-junio-de-2020.pdf\">17\/06\/2020 &#8211; General Shareholders&#8217; Meeting<\/a><\/p>\n<p><a href=\"https:\/\/www.bmbcap.es\/wp-content\/uploads\/2020\/07\/20200706-ORE-HR-Participaciones-Significativas.pdf\">06\/07\/2020 &#8211; Significant Shareholding<\/a><\/p>\n<p><a href=\"https:\/\/www.bmbcap.es\/wp-content\/uploads\/2020\/09\/20200914-ORE-Convocatoria-Junta-General-Extraordinaria-Informaci\u00f3n-relevante.pdf\">14\/09\/2020 &#8211; Call Shareholders&#8217; General Meeting<\/a><\/p>\n<p><a href=\"https:\/\/www.bmbcap.es\/wp-content\/uploads\/2020\/10\/20200929-ORE-Tasaci\u00f3n-RICS-a-30-de-junio-2020.pdf\">29\/09\/2020 &#8211; RICS valuation of the company 30 June 2020<\/a><\/p>\n<p><a href=\"https:\/\/www.bmbcap.es\/wp-content\/uploads\/2020\/10\/20201015-ORE-Renovaci\u00f3n-cargos-consejeros-Otra-Informaci\u00f3n-relevante.pdf\">15\/10\/2020 &#8211; Shareholders&#8217; General Meeting<\/a><\/p>\n<p><a href=\"https:\/\/www.bmbcap.es\/wp-content\/uploads\/2020\/11\/20201119-ORE-NAV-a-30-de-junio-2020-OTRA-INFORMACI\u00d3N-RELEVANTEv2.pdf\">19\/11\/2020 &#8211; NAV June 2020<\/a>[\/vc_column_text][\/vc_tab][vc_tab title=&#8221;2019&#8243; tab_id=&#8221;1547139804749-4-3&#8243;][vc_column_text]<a href=\"https:\/\/www.bmbcap.es\/wp-content\/uploads\/2019\/01\/20190110-ORE-HR-Particiaciones-Significativas-2018.pdf\">10\/01\/2019 &#8211; Significant shareholding<\/a><\/p>\n<p><a href=\"https:\/\/www.bmbcap.es\/wp-content\/uploads\/2019\/02\/20190205-ORE-Tasaci\u00f3n-RICS-a-31-de-diciembre-de-2018.pdf\">05\/02\/2019 &#8211; RICS valuation December 2018<\/a><\/p>\n<p><a href=\"https:\/\/www.bmbcap.es\/wp-content\/uploads\/2019\/06\/20190606-ORE-NAV-a-31-diciembre-2018-II.pdf\">06\/06\/2019 &#8211; NAV valuation 31th December 2018<\/a><\/p>\n<p><a href=\"https:\/\/www.bmbcap.es\/wp-content\/uploads\/2019\/06\/ComuniOfer1.pdf\">12\/06\/2019 &#8211; Offer received acquisition of shares<\/a><\/p>\n<p><a href=\"https:\/\/www.bmbcap.es\/wp-content\/uploads\/2019\/06\/ComuniOfer2.pdf\">12\/06\/2019 &#8211; Additional information offer adquisition of shares<\/a><\/p>\n<p>10\/07\/2019 &#8211;\u00a0 Significant Shareholding<\/p>\n<p><a href=\"https:\/\/www.bmbcap.es\/wp-content\/uploads\/2019\/08\/20190812-ORE-Anuncio-oferta-recibida-compra-acciones.pdf\">12\/08\/2019 &#8211; Offer reveived for acquisition of shares<\/a><\/p>\n<p><a href=\"https:\/\/www.bmbcap.es\/wp-content\/uploads\/2019\/08\/20190812-ORE-Informe-Consejo-ORE-Oferta-Compra-Acciones.pdf\">12\/08\/2019 &#8211; Report from de the Board regarding Offer received for acquisition of shares<\/a><\/p>\n<p><a href=\"https:\/\/www.bmbcap.es\/wp-content\/uploads\/2019\/09\/05174_HRelev_20190916-1.pdf\">16\/09\/2019 &#8211; Purchase of shares<\/a><\/p>\n<p><a href=\"https:\/\/www.bmbcap.es\/wp-content\/uploads\/2019\/09\/20190917-ORE-Ceses-y-nombramiento-de-nuevos-consejeros.pdf\">17\/09\/2019 &#8211; Dismissal and appointment of Directors<\/a><\/p>\n<p><a href=\"https:\/\/www.bmbcap.es\/wp-content\/uploads\/2019\/09\/20190923-ORE-Informaci\u00f3n-sobre-nueva-financiaci\u00f3nv2-sin-inter\u00e9s.pdf\">23\/09\/2019 &#8211; Financial agreements<\/a><\/p>\n<p><a href=\"https:\/\/www.bmbcap.es\/wp-content\/uploads\/2019\/09\/20190926-ORE-Informaci\u00f3n-adicional-sobre-nueva-financiaci\u00f3n.pdf\">26\/09\/2019 &#8211; More detail about financial agreements<\/a><\/p>\n<p><a href=\"https:\/\/www.bmbcap.es\/wp-content\/uploads\/2019\/11\/20191111-ORE-Convocatoria-Junta-General-Extraordinaria-1.pdf\">11\/11\/2019 &#8211; Call Shareholders&#8217; General Meeting 12th December 2019<\/a><\/p>\n<p><a href=\"https:\/\/www.bmbcap.es\/wp-content\/uploads\/2019\/11\/20191114-ORE-NAV-a-30-junio-2019v2-1.pdf\">14\/11\/2019 &#8211; NAV valuation of the Company<\/a><\/p>\n<p><a href=\"https:\/\/www.bmbcap.es\/wp-content\/uploads\/2019\/12\/20191213-ORE-Acuerdos-adoptados-Junta-General-Extraordinaria-12-diciembre-2019.pdf\">12\/12\/2019 &#8211; Agreements Shareholders&#8217; Meeting 12th December 2019<\/a><\/p>\n<p><a href=\"https:\/\/www.bmbcap.es\/wp-content\/uploads\/2020\/01\/20190110-ORE-HR-Participaciones-Significativas.pdf\">8\/1\/2019 &#8211; Significant Shareholdering<\/a>[\/vc_column_text][\/vc_tab][vc_tab title=&#8221;2018&#8243; tab_id=&#8221;1516787417274-3-5&#8243;][vc_column_text]<a href=\"https:\/\/www.bmbcap.es\/wp-content\/uploads\/2018\/01\/05174_HRelev_20180123.pdf\">23\/01\/2018 &#8211; Acquisition of shares<\/a><\/p>\n<p><a href=\"https:\/\/www.bmbcap.es\/wp-content\/uploads\/2018\/04\/05219_HRelev_20180413.pdf\">13\/04\/2018 &#8211; RICS Valuation December 2017<\/a><\/p>\n<p><a href=\"https:\/\/www.bmbcap.es\/wp-content\/uploads\/2018\/05\/05174_HRelev_20180517.pdf\">17\/05\/2018 &#8211; Portfolio valuation<\/a><\/p>\n<p><a href=\"https:\/\/www.bmbcap.es\/wp-content\/uploads\/2018\/06\/05174_HRelev_20180613.pdf\">14\/06\/2018 &#8211; Shareholding Meeting Presentation<\/a><\/p>\n<p><a href=\"https:\/\/www.bmbcap.es\/wp-content\/uploads\/2018\/07\/05174_HRelev_20180706.pdf\">05\/07\/2018 &#8211; Significant shareholding<\/a><\/p>\n<p><a href=\"https:\/\/www.bmbcap.es\/wp-content\/uploads\/2018\/10\/05174_HRelev_20181014ORE.pdf\">11\/10\/2018 &#8211; Portfolio valuation<\/a><\/p>\n<p><a href=\"https:\/\/www.bmbcap.es\/wp-content\/uploads\/2018\/10\/05174_HRelev_20181025-1.pdf\">25\/10\/2018 \u2013 RICS Valuation June 2018<\/a><\/p>\n<p><a href=\"https:\/\/www.bmbcap.es\/wp-content\/uploads\/2018\/10\/20181029-Optimum-Tasaci\u00f3n-RICS-a-30-de-junio-de-2018bis.pdf\">29\/10\/2018 &#8211; RICS valuation June 2018<\/a><\/p>\n<p><a href=\"https:\/\/www.bmbcap.es\/wp-content\/uploads\/2018\/12\/ORE-20181219-Datos-clave-Cartera.pdf\">19\/12\/2018 &#8211; Portfolio key figures<\/a>[\/vc_column_text][\/vc_tab][vc_tab title=&#8221;2017&#8243; tab_id=&#8221;1488302560-1-57a06a-0bd5&#8243;][vc_column_text]<span style=\"color: #999999;\"><a style=\"color: #999999;\" href=\"https:\/\/www.bmbcap.es\/wp-content\/uploads\/2017\/04\/20170413-ORE-HR-Valoracion-RICS-2S-2016.pdf\">13\/04\/2017 &#8211; Valoraci\u00f3n RICS segundo semestre 2016<\/a><\/span><\/p>\n<p><span style=\"color: #999999;\"><a style=\"color: #999999;\" href=\"https:\/\/www.bmbcap.es\/wp-content\/uploads\/2017\/03\/20170223-Optimum-HR-Financiaci\u00f3n-Bancaria-Princesa.pdf\">23\/02\/2017 &#8211; Financiaci\u00f3n bancaria<\/a><\/span><\/p>\n<p><span style=\"color: #999999;\"><a style=\"color: #999999;\" href=\"https:\/\/www.bmbcap.es\/wp-content\/uploads\/2017\/03\/20170113-Optimum-HR-Avance-Plan-de-Negocio-2016.pdf\">13\/01\/2017 &#8211; Avance del grado de cumplimiento del Plan de Negocio 2016<\/a><\/span><\/p>\n<p><span style=\"color: #999999;\"><a style=\"color: #999999;\" href=\"https:\/\/www.bmbcap.es\/wp-content\/uploads\/2017\/03\/20170109-Optimum-HR-Participaciones-Significativas.pdf\">09\/01\/2017 &#8211; Participaciones significativas<\/a><\/span>[\/vc_column_text][\/vc_tab][vc_tab title=&#8221;2016&#8243; tab_id=&#8221;1488302560-2-62a06a-0bd5&#8243;][vc_column_text]<span style=\"color: #999999;\"><a style=\"color: #999999;\" href=\"https:\/\/www.bmbcap.es\/wp-content\/uploads\/2017\/03\/20161222-Optimum-HR-Financiaci\u00f3n-Bancaria.pdf\">22\/12\/2016 &#8211; Financiacion bancaria<\/a><\/span><\/p>\n<p><span style=\"color: #999999;\"><a style=\"color: #999999;\" href=\"https:\/\/www.bmbcap.es\/wp-content\/uploads\/2017\/03\/20161212-Optimum-HR-Financiaci\u00f3n-Bancaria.pdf\">12\/12\/2016 &#8211; Financiacion bancaria<\/a><\/span><\/p>\n<p><span style=\"color: #999999;\"><a style=\"color: #999999;\" href=\"https:\/\/www.bmbcap.es\/wp-content\/uploads\/2017\/03\/20161102-Optimum-HR-Operaciones-realizadas-por-directivos.pdf\">02\/11\/2016 &#8211; Operaciones realizadas por directivos<\/a><\/span><\/p>\n<p><span style=\"color: #999999;\"><a style=\"color: #999999;\" href=\"https:\/\/www.bmbcap.es\/wp-content\/uploads\/2017\/03\/20161025-Optimum-HR-Compra-y-Financiaci\u00f3n-Inmueble.pdf\">25\/10\/2016 &#8211; Compra y financiaci\u00f3n de inmueble<\/a><\/span><\/p>\n<p><span style=\"color: #999999;\"><a style=\"color: #999999;\" href=\"https:\/\/www.bmbcap.es\/wp-content\/uploads\/2017\/03\/20161019-Optimum-HR-Nuevas-Tasaciones.pdf\">19\/10\/2016 &#8211; Tasaciones inmuebles<\/a><\/span><\/p>\n<p><span style=\"color: #999999;\"><a style=\"color: #999999;\" href=\"https:\/\/www.bmbcap.es\/wp-content\/uploads\/2017\/03\/20161017-Optimum-HR-Nuevas-Tasaciones.pdf\">17\/10\/2016 &#8211; Tasaciones inmuebles<\/a><\/span><\/p>\n<p><span style=\"color: #999999;\"><a style=\"color: #999999;\" href=\"https:\/\/www.bmbcap.es\/wp-content\/uploads\/2017\/03\/20161010-Optimum-HR-Financiaci\u00f3n-Bancaria.pdf\">10\/10\/2016 &#8211; Financiaci\u00f3n bancaria<\/a><\/span><\/p>\n<p><span style=\"color: #999999;\"><a style=\"color: #999999;\" href=\"https:\/\/www.bmbcap.es\/wp-content\/uploads\/2017\/03\/20160930-Optimum-HR-Nuevas-Tasaciones.pdf\">30\/09\/2016 &#8211; Nuevas tasaciones<\/a><\/span>[\/vc_column_text][\/vc_tab][vc_tab title=&#8221;2015&#8243; tab_id=&#8221;1490359925565-2-6&#8243;][\/vc_tab][\/vc_tabs][\/vc_column][\/vc_row]<\/p>\n","protected":false},"excerpt":{"rendered":"<p>[vc_row top=&#8221;120px&#8221; bottom=&#8221;50px&#8221; content_fadeout=&#8221;content-fadeout&#8221; bg_type=&#8221;image&#8221; bg_cover=&#8221;cover&#8221; bg_repeat=&#8221;no-repeat&#8221; bg_position=&#8221;Center center&#8221; overlay_pattern=&#8221;sm_cell_b&#8221; overlay_pattern_op=&#8221;0.1&#8243; bg_color=&#8221;#3e4058&#8243; bg_image=&#8221;6084&#8243;][vc_column][vc_heading h_size=&#8221;h-extralarge&#8221; title=&#8221;OPTIMUM RE SPAIN&#8221; title_color=&#8221;#ffffff&#8221; subtitle=&#8221;Relevant facts&#8221; subtitle_color=&#8221;#ffffff&#8221; divider=&#8221;div-between&#8221; divider_type=&#8221;div-wide-thick&#8221; divider_color=&#8221;#30b9e6&#8243;][\/vc_column][\/vc_row][vc_row top=&#8221;30px&#8221; bottom=&#8221;30px&#8221;][vc_column textalign=&#8221;center&#8221;][vc_wp_custommenu nav_menu=&#8221;42&#8243; el_class=&#8221;menu-horiz&#8221;][\/vc_column][\/vc_row][vc_row][vc_column width=&#8221;1\/4&#8243;][vc_empty_space][vc_wp_custommenu title=&#8221;Informaci\u00f3n para accionistas RE SPAIN&#8221; nav_menu=&#8221;43&#8243; el_class=&#8221;menu-vertical&#8221;][\/vc_column][vc_column width=&#8221;3\/4&#8243;][vc_empty_space][vc_tabs interval=&#8221;0&#8243;] [vc_tab title=&#8221;2025&#8243; tab_id=&#8221;6610021231590-6-25&#8243;][vc_column_text] 07-01-2024 &#8211; Significant Shareholdings as at 31 December 2024 [\/vc_column_text][\/vc_tab] [vc_tab title=&#8221;2024&#8243; tab_id=&#8221;6610021231590-6-24&#8243;][vc_column_text] 08-01-2024 &#8211; Significant shareholdings \u00a0at 31 December 2023 03-04-2024 &#8211; RICS Valuation 31 december 2023\u00a0 09-04-2024 &#8211; NAV of the&#8230;  <\/p>\n<div class=\"read-more\"><a class=\"excerpt-read-more\" href=\"https:\/\/www.bmbcap.es\/en\/funds-and-wallets\/ore\/shareholder-information-respain\/relevant-facts-respain\/\" title=\"Continue reading Relevant facts RE SPAIN\">Read more<i class=\"fa fa-angle-right\"><\/i><\/a><\/div>\n","protected":false},"author":1,"featured_media":0,"parent":6648,"menu_order":0,"comment_status":"closed","ping_status":"closed","template":"page-full-width.php","meta":{"footnotes":""},"class_list":["post-6657","page","type-page","status-publish","hentry"],"_links":{"self":[{"href":"https:\/\/www.bmbcap.es\/en\/wp-json\/wp\/v2\/pages\/6657","targetHints":{"allow":["GET"]}}],"collection":[{"href":"https:\/\/www.bmbcap.es\/en\/wp-json\/wp\/v2\/pages"}],"about":[{"href":"https:\/\/www.bmbcap.es\/en\/wp-json\/wp\/v2\/types\/page"}],"author":[{"embeddable":true,"href":"https:\/\/www.bmbcap.es\/en\/wp-json\/wp\/v2\/users\/1"}],"replies":[{"embeddable":true,"href":"https:\/\/www.bmbcap.es\/en\/wp-json\/wp\/v2\/comments?post=6657"}],"version-history":[{"count":79,"href":"https:\/\/www.bmbcap.es\/en\/wp-json\/wp\/v2\/pages\/6657\/revisions"}],"predecessor-version":[{"id":37564,"href":"https:\/\/www.bmbcap.es\/en\/wp-json\/wp\/v2\/pages\/6657\/revisions\/37564"}],"up":[{"embeddable":true,"href":"https:\/\/www.bmbcap.es\/en\/wp-json\/wp\/v2\/pages\/6648"}],"wp:attachment":[{"href":"https:\/\/www.bmbcap.es\/en\/wp-json\/wp\/v2\/media?parent=6657"}],"curies":[{"name":"wp","href":"https:\/\/api.w.org\/{rel}","templated":true}]}}