{"id":6639,"date":"2017-02-23T16:14:18","date_gmt":"2017-02-23T16:14:18","guid":{"rendered":"https:\/\/www.bmbcap.es\/fondos-y-carteras\/"},"modified":"2017-05-08T15:43:33","modified_gmt":"2017-05-08T15:43:33","slug":"funds-and-wallets","status":"publish","type":"page","link":"https:\/\/www.bmbcap.es\/en\/funds-and-wallets\/","title":{"rendered":"Funds and wallets"},"content":{"rendered":"<p>[vc_row top=&#8221;140px&#8221; bottom=&#8221;50px&#8221; content_fadeout=&#8221;content-fadeout&#8221; bg_type=&#8221;image&#8221; bg_cover=&#8221;cover&#8221; bg_repeat=&#8221;no-repeat&#8221; bg_position=&#8221;Center center&#8221; overlay_pattern=&#8221;sm_cell_b&#8221; overlay_pattern_op=&#8221;0.1&#8243; bg_image=&#8221;6084&#8243;][vc_column][vc_heading h_size=&#8221;h-extralarge&#8221; title=&#8221;Funds and wallets&#8221; title_color=&#8221;#ffffff&#8221; subtitle_color=&#8221;#ffffff&#8221; divider=&#8221;div-between&#8221; divider_type=&#8221;div-wide-thick&#8221; divider_color=&#8221;#30b9e6&#8243;][\/vc_column][\/vc_row][vc_row bottom=&#8221;30px&#8221; row_seperator=&#8221;no-seperator&#8221;][vc_column width=&#8221;1\/4&#8243;][vc_single_image image=&#8221;5931&#8243; img_size=&#8221;1000&#215;500&#8243; alignment=&#8221;center&#8221; style=&#8221;vc_box_rounded&#8221; onclick=&#8221;custom_link&#8221; link=&#8221;fondos-y-carteras\/ore\/la-compania-re-spain&#8221;][vc_empty_space height=&#8221;20px&#8221;][vc_column_text]<\/p>\n<h5><strong><a href=\"https:\/\/www.bmbcap.es\/fondos-y-carteras\/ore\/la-compania-re-spain\/\">OPTIMUM RE SPAIN SOCIMI<\/a><\/strong><\/h5>\n<p>OPTIMUM RE SPAIN SOCIMI, S.A.\u00a0es un fondo especializado en el mercado residencial cotizado en el MAB con una inversi\u00f3n de 70 millones en activos de Madrid y Barcelona con una superficie total de 30.700 m2. La elecci\u00f3n de los inmuebles se rige por estrictos criterios de alta rentabilidad y poco riesgo en zonas prime de Barcelona y Madrid.<\/p>\n<p><span style=\"font-size: 13px;\">\u00a0<\/span>[\/vc_column_text][\/vc_column][vc_column width=&#8221;1\/4&#8243;][vc_single_image image=&#8221;6208&#8243; img_size=&#8221;1000&#215;500&#8243; alignment=&#8221;center&#8221; style=&#8221;vc_box_rounded&#8221; onclick=&#8221;custom_link&#8221; link=&#8221;fondos-y-carteras\/ova\/la-compania-value-added&#8221;][vc_empty_space height=&#8221;20px&#8221;][vc_column_text]<\/p>\n<h5><strong><a href=\"https:\/\/www.bmbcap.es\/fondos-y-carteras\/ova\/la-compania-value-added\/\">OPTIMUM III VALUE ADDED RESIDENTIAL SOCIMI<\/a><\/strong><\/h5>\n<p>OPTIMUM III VALUE ADDED RESIDENTIAL SOCIMI, S.A.\u00a0es un fondo especializado en el mercado residencial cotizado en el MAB con una inversi\u00f3n prevista de 90 millones en activos de Madrid y Barcelona. La elecci\u00f3n de los inmuebles se rige por estrictos criterios de alta rentabilidad y poco riesgo en zonas prime de Barcelona y Madrid.<\/p>\n<p><span style=\"font-size: 13px;\">\u00a0<\/span>[\/vc_column_text][\/vc_column][vc_column width=&#8221;1\/4&#8243;][vc_single_image image=&#8221;6334&#8243; img_size=&#8221;1000&#215;500&#8243; alignment=&#8221;center&#8221; style=&#8221;vc_box_rounded&#8221; onclick=&#8221;custom_link&#8221; img_link_target=&#8221;_blank&#8221; link=&#8221;http:\/\/www.bmbinvestment.com&#8221;][vc_empty_space height=&#8221;20px&#8221;][vc_column_text]<\/p>\n<h5><strong><a href=\"http:\/\/www.bmbinvestment.com\" target=\"_blank\" rel=\"noopener noreferrer\">OPTIMUM BERLIN PROPERTY<\/a><\/strong><\/h5>\n<p>OPTIMUM BERLIN S.A. especializado en el mercado residencial de Berl\u00edn eligiendo activos en zonas con gran potencial de revalorizaci\u00f3n para su gesti\u00f3n de alquileres y posterior venta. Ha cerrado operaciones con una rentabilidad media de 72%<\/p>\n<p><span style=\"font-size: 13px;\">\u00a0<\/span>[\/vc_column_text][\/vc_column][vc_column width=&#8221;1\/4&#8243;][vc_single_image image=&#8221;6349&#8243; img_size=&#8221;1000&#215;500&#8243; alignment=&#8221;center&#8221; style=&#8221;vc_box_rounded&#8221; onclick=&#8221;custom_link&#8221; img_link_target=&#8221;_blank&#8221; link=&#8221;http:\/\/www.bmbinvestment.com&#8221;][vc_empty_space height=&#8221;20px&#8221;][vc_column_text]<\/p>\n<h5><strong><a href=\"http:\/\/www.bmbinvestment.com\" target=\"_blank\" rel=\"noopener noreferrer\">OPTIMUM BERLIN PROPERTY TWO<\/a><\/strong><\/h5>\n<p>OPTIMUM BERLIN TWO S.A. especializado en el mercado residencial de Berl\u00edn eligiendo activos en zonas con gran potencial de revalorizaci\u00f3n para su gesti\u00f3n de alquileres y posterior venta. Ha cerrado operaciones con una rentabilidad media de 72%<\/p>\n<p><span style=\"font-size: 13px;\">\u00a0<\/span>[\/vc_column_text][\/vc_column][\/vc_row][vc_row row_seperator=&#8221;no-seperator&#8221;][vc_column width=&#8221;1\/4&#8243;][vc_single_image image=&#8221;6336&#8243; img_size=&#8221;1000&#215;500&#8243; style=&#8221;vc_box_rounded&#8221; onclick=&#8221;custom_link&#8221; img_link_target=&#8221;_blank&#8221; link=&#8221;http:\/\/www.bmbinvestment.com&#8221;][vc_empty_space height=&#8221;20px&#8221;][vc_column_text]<\/p>\n<h5><strong><a href=\"http:\/\/www.bmbinvestment.com\" target=\"_blank\" rel=\"noopener noreferrer\">BARCEL EUROPEAN<\/a><\/strong><\/h5>\n<p>BARCEL EUROPEAN S.L. es un fondo creado en 2014 centralizado en zonas prime de Barcelona con el objetivo de rehabilitar los inmuebles adquiridos y rentabilizarlos a trav\u00e9s de su venta.<\/p>\n<p><span style=\"font-size: 13px;\">\u00a0<\/span>[\/vc_column_text][vc_empty_space height=&#8221;30px&#8221;][\/vc_column][vc_column width=&#8221;1\/4&#8243;][vc_single_image image=&#8221;6337&#8243; img_size=&#8221;1000&#215;500&#8243; style=&#8221;vc_box_rounded&#8221; onclick=&#8221;custom_link&#8221; img_link_target=&#8221;_blank&#8221; link=&#8221;http:\/\/www.bmbinvestment.com&#8221;][vc_empty_space height=&#8221;20px&#8221;][vc_column_text]<\/p>\n<h5><strong><a href=\"http:\/\/www.bmbinvestment.com\" target=\"_blank\" rel=\"noopener noreferrer\">CAWDOR AND BRAEMER<\/a><\/strong><\/h5>\n<p>CAWDOR &amp; BRAEMER GmbH\u00a0es un fondo creado en 2013 centralizado en inversiones en zonas prime de Berl\u00edn, con un criterio de selecci\u00f3n de edificios con alta rentabilidad por alquiler y bajo riesgo de morosidad. Actualmente gestiona 4.800 m2 repartidos en 2 edificios.<\/p>\n<p><span style=\"font-size: 13px;\">\u00a0<\/span>[\/vc_column_text][vc_empty_space height=&#8221;30px&#8221;][\/vc_column][vc_column width=&#8221;1\/4&#8243;][vc_single_image image=&#8221;6340&#8243; img_size=&#8221;1000&#215;500&#8243; style=&#8221;vc_box_rounded&#8221; onclick=&#8221;custom_link&#8221; img_link_target=&#8221;_blank&#8221; link=&#8221;http:\/\/www.bmbinvestment.com&#8221;][vc_empty_space height=&#8221;20px&#8221;][vc_column_text]<\/p>\n<h5><strong><a href=\"http:\/\/www.bmbinvestment.com\" target=\"_blank\" rel=\"noopener noreferrer\">BAALBECK<\/a><\/strong><\/h5>\n<p>BAALBECK S.A. es un fondo creado en 2015 centralizado en inversiones en zonas prime de Berl\u00edn, con un criterio de selecci\u00f3n de edificios con alta rentabilidad por alquiler y bajo riesgo de morosidad. Actualmente gestiona 2.200 m2 repartidos en 2 edificios.<\/p>\n<p><span style=\"font-size: 13px;\">\u00a0<\/span>[\/vc_column_text][\/vc_column][vc_column width=&#8221;1\/4&#8243;][vc_single_image image=&#8221;6341&#8243; img_size=&#8221;1000&#215;500&#8243; style=&#8221;vc_box_rounded&#8221; onclick=&#8221;custom_link&#8221; img_link_target=&#8221;_blank&#8221; link=&#8221;http:\/\/www.bmbinvestment.com&#8221;][vc_empty_space height=&#8221;20px&#8221;][vc_column_text]<\/p>\n<h5><strong><a href=\"http:\/\/www.bmbinvestment.com\" target=\"_blank\" rel=\"noopener noreferrer\">PEDRUSKEN<\/a><\/strong><\/h5>\n<p>PEDRUSKEN SL SP &amp; Co. KG especializado en el mercado residencial de Berl\u00edn eligiendo activos en zonas con gran potencial de revalorizaci\u00f3n para su gesti\u00f3n de alquileres y posterior venta. Ha cerrado operaciones con una rentabilidad media de 178%.<\/p>\n<p><span style=\"font-size: 13px;\">\u00a0<\/span>[\/vc_column_text][\/vc_column][\/vc_row]<\/p>\n","protected":false},"excerpt":{"rendered":"<p>[vc_row top=&#8221;140px&#8221; bottom=&#8221;50px&#8221; content_fadeout=&#8221;content-fadeout&#8221; bg_type=&#8221;image&#8221; bg_cover=&#8221;cover&#8221; bg_repeat=&#8221;no-repeat&#8221; bg_position=&#8221;Center center&#8221; overlay_pattern=&#8221;sm_cell_b&#8221; overlay_pattern_op=&#8221;0.1&#8243; bg_image=&#8221;6084&#8243;][vc_column][vc_heading h_size=&#8221;h-extralarge&#8221; title=&#8221;Funds and wallets&#8221; title_color=&#8221;#ffffff&#8221; subtitle_color=&#8221;#ffffff&#8221; divider=&#8221;div-between&#8221; divider_type=&#8221;div-wide-thick&#8221; divider_color=&#8221;#30b9e6&#8243;][\/vc_column][\/vc_row][vc_row bottom=&#8221;30px&#8221; row_seperator=&#8221;no-seperator&#8221;][vc_column width=&#8221;1\/4&#8243;][vc_single_image image=&#8221;5931&#8243; img_size=&#8221;1000&#215;500&#8243; alignment=&#8221;center&#8221; style=&#8221;vc_box_rounded&#8221; onclick=&#8221;custom_link&#8221; link=&#8221;fondos-y-carteras\/ore\/la-compania-re-spain&#8221;][vc_empty_space height=&#8221;20px&#8221;][vc_column_text] OPTIMUM RE SPAIN SOCIMI OPTIMUM RE SPAIN SOCIMI, S.A.\u00a0es un fondo especializado en el mercado residencial cotizado en el MAB con una inversi\u00f3n de 70 millones en activos de Madrid y Barcelona con una superficie total de 30.700 m2. La elecci\u00f3n de los inmuebles&#8230;  <\/p>\n<div class=\"read-more\"><a class=\"excerpt-read-more\" href=\"https:\/\/www.bmbcap.es\/en\/funds-and-wallets\/\" title=\"Continue reading Funds and wallets\">Read more<i class=\"fa fa-angle-right\"><\/i><\/a><\/div>\n","protected":false},"author":1,"featured_media":0,"parent":0,"menu_order":0,"comment_status":"closed","ping_status":"closed","template":"page-full-width.php","meta":{"footnotes":""},"class_list":["post-6639","page","type-page","status-publish","hentry"],"_links":{"self":[{"href":"https:\/\/www.bmbcap.es\/en\/wp-json\/wp\/v2\/pages\/6639","targetHints":{"allow":["GET"]}}],"collection":[{"href":"https:\/\/www.bmbcap.es\/en\/wp-json\/wp\/v2\/pages"}],"about":[{"href":"https:\/\/www.bmbcap.es\/en\/wp-json\/wp\/v2\/types\/page"}],"author":[{"embeddable":true,"href":"https:\/\/www.bmbcap.es\/en\/wp-json\/wp\/v2\/users\/1"}],"replies":[{"embeddable":true,"href":"https:\/\/www.bmbcap.es\/en\/wp-json\/wp\/v2\/comments?post=6639"}],"version-history":[{"count":2,"href":"https:\/\/www.bmbcap.es\/en\/wp-json\/wp\/v2\/pages\/6639\/revisions"}],"predecessor-version":[{"id":6641,"href":"https:\/\/www.bmbcap.es\/en\/wp-json\/wp\/v2\/pages\/6639\/revisions\/6641"}],"wp:attachment":[{"href":"https:\/\/www.bmbcap.es\/en\/wp-json\/wp\/v2\/media?parent=6639"}],"curies":[{"name":"wp","href":"https:\/\/api.w.org\/{rel}","templated":true}]}}