{"id":6637,"date":"2015-04-26T11:20:08","date_gmt":"2015-04-26T11:20:08","guid":{"rendered":"https:\/\/www.bmbcap.es\/about-us\/contacto\/"},"modified":"2017-05-08T15:40:33","modified_gmt":"2017-05-08T15:40:33","slug":"contact","status":"publish","type":"page","link":"https:\/\/www.bmbcap.es\/en\/about-us\/contact\/","title":{"rendered":"Contact"},"content":{"rendered":"<p>[vc_row top=&#8221;120px&#8221; bottom=&#8221;50px&#8221; content_fadeout=&#8221;content-fadeout&#8221; textalign=&#8221;center&#8221; row_seperator=&#8221;no-seperator&#8221; font_color=&#8221;#ffffff&#8221; bg_color=&#8221;#3e4058&#8243;][vc_column][vc_heading h_size=&#8221;h-extralarge&#8221; title=&#8221;Contact&#8221; title_color=&#8221;#ffffff&#8221; subtitle_color=&#8221;#ffffff&#8221; divider=&#8221;div-between&#8221; divider_type=&#8221;div-wide-thick&#8221; divider_color=&#8221;#f47177&#8243;][\/vc_column][\/vc_row][vc_row top=&#8221;100px&#8221; bottom=&#8221;70px&#8221; row_mobile_style=&#8221;ipad_full_width&#8221; row_seperator=&#8221;no-seperator&#8221;][vc_column width=&#8221;2\/3&#8243;][vc_heading title=&#8221;Barcelona&#8221; subtitle_color=&#8221;#f47177&#8243; alignment=&#8221;align-left&#8221;][vc_empty_space height=&#8221;30px&#8221;]\n<div class=\"wpcf7 no-js\" id=\"wpcf7-f5705-o1\" lang=\"es-ES\" dir=\"ltr\" data-wpcf7-id=\"5705\">\n<div class=\"screen-reader-response\"><p role=\"status\" aria-live=\"polite\" aria-atomic=\"true\"><\/p> <ul><\/ul><\/div>\n<form action=\"\/en\/wp-json\/wp\/v2\/pages\/6637#wpcf7-f5705-o1\" method=\"post\" class=\"wpcf7-form init\" aria-label=\"Formulario de contacto\" novalidate=\"novalidate\" data-status=\"init\">\n<fieldset class=\"hidden-fields-container\"><input type=\"hidden\" name=\"_wpcf7\" value=\"5705\" \/><input type=\"hidden\" name=\"_wpcf7_version\" value=\"6.1.5\" \/><input type=\"hidden\" name=\"_wpcf7_locale\" value=\"es_ES\" \/><input type=\"hidden\" name=\"_wpcf7_unit_tag\" value=\"wpcf7-f5705-o1\" \/><input type=\"hidden\" name=\"_wpcf7_container_post\" value=\"0\" \/><input type=\"hidden\" name=\"_wpcf7_posted_data_hash\" value=\"\" \/>\n<\/fieldset>\n<p><label> Nombre (requerido)<br \/>\n<span class=\"wpcf7-form-control-wrap\" data-name=\"your-name\"><input size=\"40\" maxlength=\"400\" class=\"wpcf7-form-control wpcf7-text wpcf7-validates-as-required\" aria-required=\"true\" aria-invalid=\"false\" value=\"\" type=\"text\" name=\"your-name\" \/><\/span> <\/label>\n<\/p>\n<p><label> Tu correo electr\u00f3nico (requerido)<br \/>\n<span class=\"wpcf7-form-control-wrap\" data-name=\"your-email\"><input size=\"40\" maxlength=\"400\" class=\"wpcf7-form-control wpcf7-email wpcf7-validates-as-required wpcf7-text wpcf7-validates-as-email\" aria-required=\"true\" aria-invalid=\"false\" value=\"\" type=\"email\" name=\"your-email\" \/><\/span> <\/label>\n<\/p>\n<p><label> Asunto<br \/>\n<span class=\"wpcf7-form-control-wrap\" data-name=\"your-subject\"><input size=\"40\" maxlength=\"400\" class=\"wpcf7-form-control wpcf7-text\" aria-invalid=\"false\" value=\"\" type=\"text\" name=\"your-subject\" \/><\/span> <\/label>\n<\/p>\n<p><label> Mensaje<br \/>\n<span class=\"wpcf7-form-control-wrap\" data-name=\"your-message\"><textarea cols=\"40\" rows=\"10\" maxlength=\"2000\" class=\"wpcf7-form-control wpcf7-textarea\" aria-invalid=\"false\" name=\"your-message\"><\/textarea><\/span> <\/label>\n<\/p>\n<p>INFORMACI\u00d3N PROTECCI\u00d3N DE DATOS<br \/>\nFinalidades: Responder a sus solicitudes y remitirle informaci\u00f3n comercial de nuestros productos y servicios, incluso por medios electr\u00f3nicos. Derechos: Puede retirar su consentimiento, as\u00ed como acceder, rectificar, suprimir sus datos y dem\u00e1s derechos en bmb@bmbcap.es. M\u00e1s Info en https:\/\/www.bmbcap.es\/politica-de-privacidad\/<br \/>\n<span class=\"wpcf7-form-control-wrap\" data-name=\"your-consent\"><span class=\"wpcf7-form-control wpcf7-acceptance\"><span class=\"wpcf7-list-item\"><label><input type=\"checkbox\" name=\"your-consent\" value=\"1\" aria-invalid=\"false\" \/><span class=\"wpcf7-list-item-label\">Acepto recibir informaci\u00f3n comercial, incluso por medios electr\u00f3nico.<\/span><\/label><\/span><\/span><\/span>\n<\/p>\n<p><span class=\"wpcf7-form-control-wrap\" data-name=\"your-consent\"><span class=\"wpcf7-form-control wpcf7-acceptance\"><span class=\"wpcf7-list-item\"><label><input type=\"checkbox\" name=\"your-consent\" value=\"1\" aria-invalid=\"false\" \/><span class=\"wpcf7-list-item-label\">He le\u00eddo y acepto la Pol\u00edtica de Privacidad.<\/span><\/label><\/span><\/span><\/span><br \/>\n<input class=\"wpcf7-form-control wpcf7-submit has-spinner\" type=\"submit\" value=\"Enviar\" \/>\n<\/p><div class=\"wpcf7-response-output\" aria-hidden=\"true\"><\/div>\n<\/form>\n<\/div>\n[\/vc_column][vc_column width=&#8221;1\/3&#8243; css=&#8221;.vc_custom_1412421095668{padding-left: 40px !important;}&#8221;][vc_column_text]<\/p>\n<h5><strong>OFICINA<\/strong><\/h5>\n<p>[\/vc_column_text][vc_empty_space height=&#8221;20px&#8221;][vc_list_item type=&#8221;entypo&#8221; icon_entypo=&#8221;entypo-icon entypo-icon-home&#8221; icon_name=&#8221;icon-home&#8221; icon_color=&#8221;#36353c&#8221;]Passeig de Gr\u00e0cia, 77 5\u00aa planta \u2013 08008 Barcelona Spain[\/vc_list_item][vc_list_item type=&#8221;entypo&#8221; icon_entypo=&#8221;entypo-icon entypo-icon-phone&#8221; icon_name=&#8221;icon-call-end&#8221; icon_color=&#8221;#36353c&#8221;]+34 93 368 85 62[\/vc_list_item][vc_list_item type=&#8221;fontawesome&#8221; icon_fontawesome=&#8221;fa fa-fax&#8221; icon_name=&#8221;fa fa-fax&#8221; icon_color=&#8221;#36353c&#8221;]+34 93 368 38 59[\/vc_list_item][vc_list_item type=&#8221;entypo&#8221; icon_entypo=&#8221;entypo-icon entypo-icon-mail&#8221; icon_name=&#8221;icon-envelope-open&#8221; icon_color=&#8221;#36353c&#8221; link=&#8221;url:whitecollarthemes%40gmail.com||target:%20_blank&#8221;]bmb@bmbcap.es[\/vc_list_item][vc_list_item type=&#8221;entypo&#8221; icon_entypo=&#8221;entypo-icon entypo-icon-globe&#8221; icon_name=&#8221;li_world&#8221; icon_color=&#8221;#36353c&#8221; link=&#8221;url:www.whitecollars.co||target:%20_blank&#8221;]www.bmbcap.es[\/vc_list_item][vc_empty_space height=&#8221;30px&#8221;][vc_gmaps link=&#8221;#E-8_JTNDaWZyYW1lJTIwc3JjJTNEJTIyaHR0cHMlM0ElMkYlMkZ3d3cuZ29vZ2xlLmNvbSUyRm1hcHMlMkZlbWJlZCUzRnBiJTNEJTIxMW0xOCUyMTFtMTIlMjExbTMlMjExZDI5OTMuMDcwMzQ4NjcwOTUyJTIxMmQyLjE2MTI1OTg2OTI3MTc0ODYlMjEzZDQxLjM5NDI3ODU4MTEwMDM4JTIxMm0zJTIxMWYwJTIxMmYwJTIxM2YwJTIxM20yJTIxMWkxMDI0JTIxMmk3NjglMjE0ZjEzLjElMjEzbTMlMjExbTIlMjExczB4MTJhNGEyOTBkNmM0YzlmZiUyNTNBMHhhZjJmMzQzZGE5ODBlNWE4JTIxMnNCTUIlMkJJbnZlc3RtZW50JTJCTWFuYWdlbWVudCUyQlBhcnRuZXJzJTJCU0wlMjE1ZTAlMjEzbTIlMjExc2VzJTIxMnNlcyUyMTR2MTQ4ODIxMTM0NDM3NyUyMiUyMHdpZHRoJTNEJTIyNjAwJTIyJTIwaGVpZ2h0JTNEJTIyNDUwJTIyJTIwZnJhbWVib3JkZXIlM0QlMjIwJTIyJTIwc3R5bGUlM0QlMjJib3JkZXIlM0EwJTIyJTIwYWxsb3dmdWxsc2NyZWVuJTNFJTNDJTJGaWZyYW1lJTNF&#8221; size=&#8221;200&#8243;][\/vc_column][\/vc_row]<\/p>\n","protected":false},"excerpt":{"rendered":"<p>[vc_row top=&#8221;120px&#8221; bottom=&#8221;50px&#8221; content_fadeout=&#8221;content-fadeout&#8221; textalign=&#8221;center&#8221; row_seperator=&#8221;no-seperator&#8221; font_color=&#8221;#ffffff&#8221; bg_color=&#8221;#3e4058&#8243;][vc_column][vc_heading h_size=&#8221;h-extralarge&#8221; title=&#8221;Contact&#8221; title_color=&#8221;#ffffff&#8221; subtitle_color=&#8221;#ffffff&#8221; divider=&#8221;div-between&#8221; divider_type=&#8221;div-wide-thick&#8221; divider_color=&#8221;#f47177&#8243;][\/vc_column][\/vc_row][vc_row top=&#8221;100px&#8221; bottom=&#8221;70px&#8221; row_mobile_style=&#8221;ipad_full_width&#8221; row_seperator=&#8221;no-seperator&#8221;][vc_column width=&#8221;2\/3&#8243;][vc_heading title=&#8221;Barcelona&#8221; subtitle_color=&#8221;#f47177&#8243; alignment=&#8221;align-left&#8221;][vc_empty_space height=&#8221;30px&#8221;][\/vc_column][vc_column width=&#8221;1\/3&#8243; css=&#8221;.vc_custom_1412421095668{padding-left: 40px !important;}&#8221;][vc_column_text] OFICINA [\/vc_column_text][vc_empty_space height=&#8221;20px&#8221;][vc_list_item type=&#8221;entypo&#8221; icon_entypo=&#8221;entypo-icon entypo-icon-home&#8221; icon_name=&#8221;icon-home&#8221; icon_color=&#8221;#36353c&#8221;]Passeig de Gr\u00e0cia, 77 5\u00aa planta \u2013 08008 Barcelona Spain[\/vc_list_item][vc_list_item type=&#8221;entypo&#8221; icon_entypo=&#8221;entypo-icon entypo-icon-phone&#8221; icon_name=&#8221;icon-call-end&#8221; icon_color=&#8221;#36353c&#8221;]+34 93 368 85 62[\/vc_list_item][vc_list_item type=&#8221;fontawesome&#8221; icon_fontawesome=&#8221;fa fa-fax&#8221; icon_name=&#8221;fa fa-fax&#8221; icon_color=&#8221;#36353c&#8221;]+34 93 368 38 59[\/vc_list_item][vc_list_item type=&#8221;entypo&#8221; icon_entypo=&#8221;entypo-icon entypo-icon-mail&#8221; icon_name=&#8221;icon-envelope-open&#8221; icon_color=&#8221;#36353c&#8221; link=&#8221;url:whitecollarthemes%40gmail.com||target:%20_blank&#8221;]bmb@bmbcap.es[\/vc_list_item][vc_list_item type=&#8221;entypo&#8221; icon_entypo=&#8221;entypo-icon entypo-icon-globe&#8221; icon_name=&#8221;li_world&#8221; icon_color=&#8221;#36353c&#8221;&#8230;  <\/p>\n<div class=\"read-more\"><a class=\"excerpt-read-more\" href=\"https:\/\/www.bmbcap.es\/en\/about-us\/contact\/\" title=\"Continue reading Contact\">Read more<i class=\"fa fa-angle-right\"><\/i><\/a><\/div>\n","protected":false},"author":1,"featured_media":0,"parent":6628,"menu_order":0,"comment_status":"closed","ping_status":"closed","template":"page-full-width.php","meta":{"footnotes":""},"class_list":["post-6637","page","type-page","status-publish","hentry"],"_links":{"self":[{"href":"https:\/\/www.bmbcap.es\/en\/wp-json\/wp\/v2\/pages\/6637","targetHints":{"allow":["GET"]}}],"collection":[{"href":"https:\/\/www.bmbcap.es\/en\/wp-json\/wp\/v2\/pages"}],"about":[{"href":"https:\/\/www.bmbcap.es\/en\/wp-json\/wp\/v2\/types\/page"}],"author":[{"embeddable":true,"href":"https:\/\/www.bmbcap.es\/en\/wp-json\/wp\/v2\/users\/1"}],"replies":[{"embeddable":true,"href":"https:\/\/www.bmbcap.es\/en\/wp-json\/wp\/v2\/comments?post=6637"}],"version-history":[{"count":1,"href":"https:\/\/www.bmbcap.es\/en\/wp-json\/wp\/v2\/pages\/6637\/revisions"}],"predecessor-version":[{"id":6638,"href":"https:\/\/www.bmbcap.es\/en\/wp-json\/wp\/v2\/pages\/6637\/revisions\/6638"}],"up":[{"embeddable":true,"href":"https:\/\/www.bmbcap.es\/en\/wp-json\/wp\/v2\/pages\/6628"}],"wp:attachment":[{"href":"https:\/\/www.bmbcap.es\/en\/wp-json\/wp\/v2\/media?parent=6637"}],"curies":[{"name":"wp","href":"https:\/\/api.w.org\/{rel}","templated":true}]}}